{"id":24869,"date":"2025-04-13T17:43:28","date_gmt":"2025-04-13T17:43:28","guid":{"rendered":"https:\/\/purematrixchem.com\/?post_type=product&#038;p=24869"},"modified":"2025-12-21T23:12:14","modified_gmt":"2025-12-21T22:12:14","slug":"ro5-4864-1-mg-kurutma-kagitlari","status":"publish","type":"product","link":"https:\/\/purematrixchem.com\/tr\/magaza\/benzodiazepinler\/ro5-4864-1-mg-kurutma-kagitlari\/","title":{"rendered":"Ro5-4864 1 MG Lekeler"},"content":{"rendered":"<h2><span dir=\"auto\" style=\"vertical-align: inherit;\"><span dir=\"auto\" style=\"vertical-align: inherit;\">Ro5 4864 1 MG Blotters<\/span><\/span><\/h2>\n<p><span dir=\"auto\" style=\"vertical-align: inherit;\"><span dir=\"auto\" style=\"vertical-align: inherit;\">Ro5 4864 kurutma ka\u011f\u0131tlar\u0131 1 miligram aktif madde (Ro5-4864) i\u00e7erir.<\/span><\/span><\/p>\n<p><span dir=\"auto\" style=\"vertical-align: inherit;\"><span dir=\"auto\" style=\"vertical-align: inherit;\">Ro5-4864 sadece ara\u015ft\u0131rma ama\u00e7l\u0131 sat\u0131lan bir maddedir ve bu nedenle t\u00fcketim i\u00e7in tasarlanmam\u0131\u015ft\u0131r.<\/span><\/span><\/p>\n<p><span dir=\"auto\" style=\"vertical-align: inherit;\"><span dir=\"auto\" style=\"vertical-align: inherit;\">Ro5-4864 do\u011fru ortamda sakland\u0131\u011f\u0131nda 2 y\u0131la kadar stabil kal\u0131r. Ro5-4864 <\/span><\/span><a href=\"http:\/\/google.nl\" target=\"_blank\" rel=\"noopener\"><span dir=\"auto\" style=\"vertical-align: inherit;\"><span dir=\"auto\" style=\"vertical-align: inherit;\">o<\/span><\/span><\/a><span dir=\"auto\" style=\"vertical-align: inherit;\"><span dir=\"auto\" style=\"vertical-align: inherit;\"> ara\u015ft\u0131rma ama\u00e7l\u0131d\u0131r ve insan t\u00fcketimi i\u00e7in de\u011fildir. Bu nedenle, \u00fcr\u00fcn\u00fcn \u00e7ocuklar\u0131n ve evcil hayvanlar\u0131n eri\u015femeyece\u011fi yerlerde saklanmas\u0131 \u00f6nemlidir. <\/span><\/span><a title=\"1cP-LSD 150 MCG Art Blotters\" href=\"https:\/\/purematrixchem.com\/shop\/lysergamides\/1cp-lsd-150-mcg\/\" target=\"_blank\" rel=\"noopener\"><span dir=\"auto\" style=\"vertical-align: inherit;\"><span dir=\"auto\" style=\"vertical-align: inherit;\">1cP-LSD 150 MCG Art Blotters<\/span><\/span><\/a><\/p>\n<p><span dir=\"auto\" style=\"vertical-align: inherit;\"><span dir=\"auto\" style=\"vertical-align: inherit;\">Y\u00fcksek kaliteli ara\u015ft\u0131rma kimyasallar\u0131n\u0131 uygun fiyata sunuyoruz. Sipari\u015finiz her g\u00fcn 24 saat i\u00e7inde g\u00f6nderilir. Sipari\u015f <\/span><\/span><em><span dir=\"auto\" style=\"vertical-align: inherit;\"><span dir=\"auto\" style=\"vertical-align: inherit;\">bu Ro5-4864 kurutma ka\u011f\u0131tlar\u0131<\/span><\/span><\/em><span dir=\"auto\" style=\"vertical-align: inherit;\"><span dir=\"auto\" style=\"vertical-align: inherit;\"> purematrixchem.com'da g\u00fcvenli ve h\u0131zl\u0131 bir \u015fekilde!<\/span><\/span><\/p>\n<h3><strong>Ara\u015ft\u0131rma Metodolojisi (Materyaller ve Y\u00f6ntemler)<\/strong><\/h3>\n<ul>\n<li>\n<p class=\"ds-markdown-paragraph\"><strong>4.1 Ara\u015ft\u0131rma T\u00fcr\u00fc:<\/strong>\u00a0Deneysel, analitik ve\u00a0<em>in vitro<\/em>\u00a0toksikolojik ara\u015ft\u0131rma.<\/p>\n<\/li>\n<li>\n<p class=\"ds-markdown-paragraph\"><strong>4.2 \u00c7al\u0131\u015fma Tasar\u0131m\u0131:<\/strong>\u00a0Blotter \u00f6rneklerinin laboratuvar analizi ve ard\u0131ndan h\u00fccre bazl\u0131 testler.<\/p>\n<\/li>\n<li>\n<p class=\"ds-markdown-paragraph\"><strong>4.3 Malzemeler:<\/strong><\/p>\n<ul>\n<li>\n<p class=\"ds-markdown-paragraph\"><strong>Maddeler:<\/strong>\u00a0Ro5-4864 referans standard\u0131 (varsa ticari tedarik\u00e7i). Blotter \u00f6rnekleri (adli i\u015fbirli\u011fi yoluyla elde edilmi\u015ftir). H\u00fccre k\u00fclt\u00fcr\u00fc ortam\u0131 ve reaktifleri. Floresan boyalar: JC-1 veya TMRE (mitokondriyal membran potansiyeli i\u00e7in, \u0394\u03a8m), Annexin V-FITC\/PI kiti (apoptoz i\u00e7in).<\/p>\n<\/li>\n<li>\n<p class=\"ds-markdown-paragraph\"><strong>Aparat:<\/strong>\u00a0UPLC-MS\/MS sistemi, LC-HRMS (QTOF), h\u00fccre k\u00fclt\u00fcr\u00fc ba\u015fl\u0131\u011f\u0131 ve ink\u00fcbat\u00f6r\u00fc, floresan mikroplaka okuyucu, ak\u0131\u015f sitometresi (Annexin V i\u00e7in opsiyonel).<\/p>\n<\/li>\n<\/ul>\n<\/li>\n<li>\n<p class=\"ds-markdown-paragraph\"><strong>4.4 Y\u00f6ntemler:<\/strong><\/p>\n<ul>\n<li>\n<p class=\"ds-markdown-paragraph\"><strong>Numune Haz\u0131rlama ve Kimyasal Analiz:<\/strong><\/p>\n<ul>\n<li>\n<p class=\"ds-markdown-paragraph\"><strong>\u00c7\u0131karma:<\/strong>\u00a0Metanol\/asetonitril i\u00e7inde tek tek lekeleri bir dahili standartla (\u00f6rn. d\u00f6terlenmi\u015f benzodiazepin) ekstrakte edin. Sonikasyon.<\/p>\n<\/li>\n<li>\n<p class=\"ds-markdown-paragraph\"><strong>Kantifikasyon (UPLC-MS\/MS):<\/strong>\u00a0C18 kolon kullanarak bir y\u00f6ntem geli\u015ftirin. Mobil faz: amonyum format\u0131\/asetonitril. Ro5-4864 i\u00e7in MRM ge\u00e7i\u015fleri ile ESI+ modunda MS\/MS. Do\u011frusall\u0131k, hassasiyet, do\u011fruluk, LOQ i\u00e7in do\u011frulay\u0131n.<\/p>\n<\/li>\n<li>\n<p class=\"ds-markdown-paragraph\"><strong>Dozaj Tekd\u00fczeli\u011fi:<\/strong>\u00a0En az iki farkl\u0131 sayfadan 10 kurutma ka\u011f\u0131d\u0131 analiz edin. Ortalama, SD, RSD% de\u011ferlerini hesaplay\u0131n.<\/p>\n<\/li>\n<li>\n<p class=\"ds-markdown-paragraph\"><strong>Kirletici Taramas\u0131 (LC-HRMS):<\/strong>\u00a0Hedeflenmemi\u015f DDA analizi ger\u00e7ekle\u015ftirin. \u0130lgili yap\u0131lar\u0131 taray\u0131n (\u00f6rn. diazepam, di\u011fer kloro-benzodiazepinler, \u00f6nc\u00fc molek\u00fcller).<\/p>\n<\/li>\n<\/ul>\n<\/li>\n<\/ul>\n<\/li>\n<\/ul>\n<h3><span data-sheets-value=\"{\" data-sheets-userformat=\"{\"><span dir=\"auto\" style=\"vertical-align: inherit;\"><span dir=\"auto\" style=\"vertical-align: inherit;\">Ro5-4864 \u00f6zellikleri<\/span><\/span><\/span><\/h3>\n<p><strong><span dir=\"auto\" style=\"vertical-align: inherit;\"><span dir=\"auto\" style=\"vertical-align: inherit;\">E\u015fanlaml\u0131:<\/span><\/span><\/strong><span dir=\"auto\" style=\"vertical-align: inherit;\"><span dir=\"auto\" style=\"vertical-align: inherit;\"> 4\u2032-klorodiazepam <\/span><\/span><br \/>\n<strong><span dir=\"auto\" style=\"vertical-align: inherit;\"><span dir=\"auto\" style=\"vertical-align: inherit;\">CAS Numaras\u0131:<\/span><\/span><\/strong><span dir=\"auto\" style=\"vertical-align: inherit;\"><span dir=\"auto\" style=\"vertical-align: inherit;\"> 14439-61-3 <\/span><\/span><br \/>\n<strong><span dir=\"auto\" style=\"vertical-align: inherit;\"><span dir=\"auto\" style=\"vertical-align: inherit;\">Form\u00fcl: <\/span><\/span><\/strong> <span title=\"Karbon\"><span dir=\"auto\" style=\"vertical-align: inherit;\"><span dir=\"auto\" style=\"vertical-align: inherit;\">C <\/span><\/span><\/span><sub><span dir=\"auto\" style=\"vertical-align: inherit;\"><span dir=\"auto\" style=\"vertical-align: inherit;\">16 <\/span><\/span><\/sub><span title=\"Hidrojen\"><span dir=\"auto\" style=\"vertical-align: inherit;\"><span dir=\"auto\" style=\"vertical-align: inherit;\">H <\/span><\/span><\/span><sub><span dir=\"auto\" style=\"vertical-align: inherit;\"><span dir=\"auto\" style=\"vertical-align: inherit;\">12 <\/span><\/span><\/sub><span title=\"Klor\"><span dir=\"auto\" style=\"vertical-align: inherit;\"><span dir=\"auto\" style=\"vertical-align: inherit;\">Cl <\/span><\/span><\/span><sub><span dir=\"auto\" style=\"vertical-align: inherit;\"><span dir=\"auto\" style=\"vertical-align: inherit;\">2 <\/span><\/span><\/sub><span title=\"Azot\"><span dir=\"auto\" style=\"vertical-align: inherit;\"><span dir=\"auto\" style=\"vertical-align: inherit;\">N <\/span><\/span><\/span><sub><span dir=\"auto\" style=\"vertical-align: inherit;\"><span dir=\"auto\" style=\"vertical-align: inherit;\">2 <\/span><\/span><\/sub><span title=\"Oksijen\"><span dir=\"auto\" style=\"vertical-align: inherit;\"><span dir=\"auto\" style=\"vertical-align: inherit;\">O <\/span><\/span><\/span><br \/>\n<strong><span dir=\"auto\" style=\"vertical-align: inherit;\"><span dir=\"auto\" style=\"vertical-align: inherit;\">Molar k\u00fctle:<\/span><\/span><\/strong><span dir=\"auto\" style=\"vertical-align: inherit;\"><span dir=\"auto\" style=\"vertical-align: inherit;\"> 319,19 g\/mol <\/span><\/span><br \/>\n<strong><span dir=\"auto\" style=\"vertical-align: inherit;\"><span dir=\"auto\" style=\"vertical-align: inherit;\">Safl\u0131k:<\/span><\/span><\/strong><span dir=\"auto\" style=\"vertical-align: inherit;\"><span dir=\"auto\" style=\"vertical-align: inherit;\"> &gt;98%<\/span><\/span><\/p>\n<h3><span dir=\"auto\" style=\"vertical-align: inherit;\"><span dir=\"auto\" style=\"vertical-align: inherit;\">Tehlike bildirimi<\/span><\/span><\/h3>\n<p><span dir=\"auto\" style=\"vertical-align: inherit;\"><span dir=\"auto\" style=\"vertical-align: inherit;\">Ro5-4864 solunum yolu tahri\u015fine neden olabilir. <\/span><\/span><br \/>\n<span dir=\"auto\" style=\"vertical-align: inherit;\"><span dir=\"auto\" style=\"vertical-align: inherit;\">Ro5-4864 g\u00f6z tahri\u015fine neden olabilir. <\/span><\/span><br \/>\n<span dir=\"auto\" style=\"vertical-align: inherit;\"><span dir=\"auto\" style=\"vertical-align: inherit;\">Ara\u015ft\u0131rma kimyasallar\u0131n\u0131n \u00e7evreye bo\u015falt\u0131lmas\u0131 yasakt\u0131r.<\/span><\/span><\/p>\n<p><span dir=\"auto\" style=\"vertical-align: inherit;\"><span dir=\"auto\" style=\"vertical-align: inherit;\">Ro5-4864 G\u00d6ZLE TEMASI HAL\u0130NDE: G\u00f6zleri be\u015f dakika boyunca su ile nazik\u00e7e y\u0131kay\u0131n. Varsa ve \u00e7\u0131karmas\u0131 kolaysa kontakt lensleri \u00e7\u0131kar\u0131n. <\/span><\/span><a title=\"O-DSMT 50mg Pelet\" href=\"https:\/\/purematrixchem.com\/shop\/pellets\/o-dsmt-50mg-pellets\/\" target=\"_blank\" rel=\"noopener\"><span dir=\"auto\" style=\"vertical-align: inherit;\"><span dir=\"auto\" style=\"vertical-align: inherit;\">O-DSMT 50mg Pelet<\/span><\/span><\/a><\/p>\n<p><span dir=\"auto\" style=\"vertical-align: inherit;\"><span dir=\"auto\" style=\"vertical-align: inherit;\">Ro5-4864 C\u0130LT \u0130LE TEMAS HAL\u0130NDE: Cildi su ve sabunla y\u0131kay\u0131n.<\/span><\/span><\/p>\n<p><span dir=\"auto\" style=\"vertical-align: inherit;\"><span dir=\"auto\" style=\"vertical-align: inherit;\">SOLUNDU\u011eUNDA: Kazazedeyi temiz havaya \u00e7\u0131kar\u0131n ve nefes almas\u0131 i\u00e7in rahat bir pozisyonda tutun. <\/span><\/span><a title=\"2C-EF 2mg Kaps\u00fcl\" href=\"https:\/\/purematrixchem.com\/shop\/fenethylamine\/2c-ef-2mg-capsules\/\" target=\"_blank\" rel=\"noopener\"><span dir=\"auto\" style=\"vertical-align: inherit;\"><span dir=\"auto\" style=\"vertical-align: inherit;\">2C-EF 2mg Kaps\u00fcl<\/span><\/span><\/a><\/p>","protected":false},"excerpt":{"rendered":"<p>Ro5 4864 1 MG Blotters Ro5 4864 blotters contain 1 milligram of active substance (Ro5-4864). Ro5-4864 is a substance that is only sold for research purposes and is therefore not intended for consumption. Ro5-4864 remains stable for up to 2 years when stored in the correct environment. Ro5-4864 is intended for research purposes and not [&hellip;]<\/p>\n","protected":false},"featured_media":29170,"comment_status":"closed","ping_status":"closed","template":"","meta":[],"product_brand":[82],"product_cat":[76,356],"product_tag":[326,745,746],"class_list":{"0":"post-24869","1":"product","2":"type-product","3":"status-publish","4":"has-post-thumbnail","6":"product_brand-research-chemical","7":"product_cat-benzodiazepinen","8":"product_cat-ro5-4864","9":"product_tag-nl","10":"product_tag-ro5-4864","11":"product_tag-ro5-4864-reddit","13":"first","14":"instock","15":"taxable","16":"shipping-taxable","17":"purchasable","18":"product-type-variable"},"_links":{"self":[{"href":"https:\/\/purematrixchem.com\/tr\/wp-json\/wp\/v2\/product\/24869","targetHints":{"allow":["GET"]}}],"collection":[{"href":"https:\/\/purematrixchem.com\/tr\/wp-json\/wp\/v2\/product"}],"about":[{"href":"https:\/\/purematrixchem.com\/tr\/wp-json\/wp\/v2\/types\/product"}],"replies":[{"embeddable":true,"href":"https:\/\/purematrixchem.com\/tr\/wp-json\/wp\/v2\/comments?post=24869"}],"wp:featuredmedia":[{"embeddable":true,"href":"https:\/\/purematrixchem.com\/tr\/wp-json\/wp\/v2\/media\/29170"}],"wp:attachment":[{"href":"https:\/\/purematrixchem.com\/tr\/wp-json\/wp\/v2\/media?parent=24869"}],"wp:term":[{"taxonomy":"product_brand","embeddable":true,"href":"https:\/\/purematrixchem.com\/tr\/wp-json\/wp\/v2\/product_brand?post=24869"},{"taxonomy":"product_cat","embeddable":true,"href":"https:\/\/purematrixchem.com\/tr\/wp-json\/wp\/v2\/product_cat?post=24869"},{"taxonomy":"product_tag","embeddable":true,"href":"https:\/\/purematrixchem.com\/tr\/wp-json\/wp\/v2\/product_tag?post=24869"}],"curies":[{"name":"wp","href":"https:\/\/api.w.org\/{rel}","templated":true}]}}