{"id":24268,"date":"2025-04-13T17:41:22","date_gmt":"2025-04-13T17:41:22","guid":{"rendered":"https:\/\/purematrixchem.com\/?post_type=product&#038;p=24268"},"modified":"2026-01-14T10:34:57","modified_gmt":"2026-01-14T09:34:57","slug":"promal-metallileskalin","status":"publish","type":"product","link":"https:\/\/purematrixchem.com\/tr\/magaza\/b2b\/promal-metallileskalin\/","title":{"rendered":"RC+ Promal zakje 3 pellet"},"content":{"rendered":"<h2><span data-sheets-value=\"{\" data-sheets-userformat=\"{\">Promal Methallylescaline 21mg zakje met 3 pellet<\/span><\/h2>\n<p class=\"ds-markdown-paragraph\"><strong>Productnaam:<\/strong> RC+ (Proscaline-analoog) - zakje ba\u015f\u0131na 3 pelet<br \/>\n<strong>Kategori:<\/strong>\u00a0Onderzoekschemicali\u00ebn (Phenethylamine-klasse)<br \/>\n<strong>Ge\u00e7i\u015f:<\/strong> N\u00f6rokimyasal \u00e7al\u0131\u015fmalar &amp; farmacologisch onderzoek.<a title=\"2C-EF 2mg Kaps\u00fcl\" href=\"https:\/\/purematrixchem.com\/shop\/fenethylamine\/2c-ef-2mg-capsules\/\" target=\"_blank\" rel=\"noopener\">2C-EF 2mg Kaps\u00fcl<\/a><\/p>\n<hr \/>\n<h3><strong>Productkenmerken:<\/strong><\/h3>\n<p class=\"ds-markdown-paragraph\">\ud83d\udd2c\u00a0<strong>Gestandaardiseerde samenstelling<\/strong>\u00a0- Yeniden \u00fcretilebilir sonu\u00e7lar i\u00e7in co\u011frafi olarak optimize edilmi\u015ftir<br \/>\n\ud83d\udc8a\u00a0<strong>Verpakking ba\u015f\u0131na 3 pelet<\/strong>\u00a0- Gece kontroll\u00fc deneyler i\u00e7in ideal<br \/>\n\ud83d\udce6\u00a0<strong>Luchtdichte zakverpakking<\/strong>\u00a0- Maksimum stabilite ve koruma<br \/>\n\ud83d\udcca\u00a0<strong>Kwaliteitsgecontroleerd<\/strong> - Ara\u015ft\u0131rmac\u0131lar i\u00e7in analitik test raporlar\u0131.<a title=\"2-CMC 250mg pellet\" href=\"https:\/\/purematrixchem.com\/shop\/cathinonen\/2-cmc-kopen\/\" target=\"_blank\" rel=\"noopener\">2-CMC 250mg pellet<\/a><\/p>\n<h3><strong>Promal (Proscaline-analoog) \u00fczerinden:<\/strong><\/h3>\n<p class=\"ds-markdown-paragraph\">Een onderzoeksstof met interessante eigenschappen voor:<\/p>\n<ul>\n<li>\n<p class=\"ds-markdown-paragraph\">Resept\u00f6r ba\u011flama \u00e7al\u0131\u015fmalar\u0131 (serotonerg sistemi)<\/p>\n<\/li>\n<li>\n<p class=\"ds-markdown-paragraph\">Yap\u0131-aktivite ili\u015fkisi (SAR) ara\u015ft\u0131rmas\u0131<\/p>\n<\/li>\n<li>\n<p class=\"ds-markdown-paragraph\">Vergelijkende farmacodynamische analyses<\/p>\n<\/li>\n<\/ul>\n<p class=\"ds-markdown-paragraph\"><strong>Belangrijke nota:<\/strong><\/p>\n<ul>\n<li>\n<p class=\"ds-markdown-paragraph\">Uitsluitend voor in vitro onderzoeksdoeleinden<\/p>\n<\/li>\n<li>\n<p class=\"ds-markdown-paragraph\">Kesinlikle erkek\/dierli t\u00fcketimine uygun de\u011fildir<\/p>\n<\/li>\n<li>\n<p class=\"ds-markdown-paragraph\">T\u0131bbi veya rekreatif kullan\u0131m yok<\/p>\n<\/li>\n<\/ul>\n<hr \/>\n<h3><strong>Veiligheidsvoorschriften:<\/strong><\/h3>\n<p class=\"ds-markdown-paragraph\">\u26a0\u00a0<strong>Laboratuvar protokol\u00fc:<\/strong><\/p>\n<ul>\n<li>\n<p class=\"ds-markdown-paragraph\">Altijd persoonlijke beschermingsmiddelen gebruiken<\/p>\n<\/li>\n<li>\n<p class=\"ds-markdown-paragraph\">Geceleri kontroll\u00fc laboratuvar ortam\u0131nda \u00e7al\u0131\u015fma<\/p>\n<\/li>\n<li>\n<p class=\"ds-markdown-paragraph\">Vermijd blootstelling aan huid <a href=\"http:\/\/google.nl\" target=\"_blank\" rel=\"noopener\">en<\/a> slijmvliezen<\/p>\n<\/li>\n<\/ul>\n<p class=\"ds-markdown-paragraph\">\u26a0\u00a0<strong>Hukuki durum:<\/strong><\/p>\n<ul>\n<li>\n<p class=\"ds-markdown-paragraph\">Mogelijk gereguleerd onder Nederlandse Opiumwet<\/p>\n<\/li>\n<li>\n<p class=\"ds-markdown-paragraph\">AB men\u015feli beperkingen kunnen van toepassing zijn<\/p>\n<\/li>\n<li>\n<p class=\"ds-markdown-paragraph\">Onderzoeker\/koper i\u00e7in tam destek.<a title=\"1V-LSD 150 MCG Blotterlar\" href=\"https:\/\/purematrixchem.com\/shop\/lysergamides\/1v-lsd-150-mcg-blotters\/\" target=\"_blank\" rel=\"noopener\">1V-LSD 150 MCG Blotterlar<\/a><\/p>\n<\/li>\n<\/ul>\n<hr \/>\n<h3><strong>Waarom RC+ Promal Peletler?<\/strong><\/h3>\n<p class=\"ds-markdown-paragraph\">\u2705\u00a0<strong>Tutarl\u0131 kalite<\/strong>\u00a0- Strikt \u00fcr\u00fcn protokol\u00fc<br \/>\n\u2705\u00a0<strong>Arkada\u015f canl\u0131s\u0131 bir ortam<\/strong>\u00a0- Pilot \u00e7al\u0131\u015fmalar i\u00e7in kolay eri\u015fim<br \/>\n\u2705\u00a0<strong>Ayr\u0131k verzending<\/strong>\u00a0- Aanduidingen ile n\u00f6tr verpakking<br \/>\n\u2705\u00a0<strong>Snelle levering<\/strong>\u00a0- Verimli \u00e7al\u0131\u015fma i\u00e7in Avrupa b\u00fcrosu<\/p>","protected":false},"excerpt":{"rendered":"<p>Promal Methallylescaline 21mg zakje met 3 pellets Productnaam: RC+ (Proscaline-analoog) \u2013 3 pellets per zakje Categorie:\u00a0Onderzoekschemicali\u00ebn (Phenethylamine-klasse) Toepassing: Neurochemische studies &amp; farmacologisch onderzoek.2C-EF 2mg Capsules Productkenmerken: \ud83d\udd2c\u00a0Gestandaardiseerde samenstelling\u00a0\u2013 Geoptimaliseerd voor reproduceerbare resultaten \ud83d\udc8a\u00a03 pellets per verpakking\u00a0\u2013 Ideaal voor gecontroleerde experimenten \ud83d\udce6\u00a0Luchtdichte zakverpakking\u00a0\u2013 Maximale stabiliteit en bescherming \ud83d\udcca\u00a0Kwaliteitsgecontroleerd \u2013 Analytische testrapporten beschikbaar voor onderzoekers.2-CMC 250mg pellets [&hellip;]<\/p>\n","protected":false},"featured_media":29264,"comment_status":"closed","ping_status":"closed","template":"","meta":[],"product_brand":[82],"product_cat":[555],"product_tag":[326,864,209],"class_list":{"0":"post-24268","1":"product","2":"type-product","3":"status-publish","4":"has-post-thumbnail","6":"product_brand-research-chemical","7":"product_cat-b2b","8":"product_tag-nl","9":"product_tag-promal","10":"product_tag-promal-methallylescaline","12":"first","13":"instock","14":"taxable","15":"shipping-taxable","16":"purchasable","17":"product-type-variable"},"_links":{"self":[{"href":"https:\/\/purematrixchem.com\/tr\/wp-json\/wp\/v2\/product\/24268","targetHints":{"allow":["GET"]}}],"collection":[{"href":"https:\/\/purematrixchem.com\/tr\/wp-json\/wp\/v2\/product"}],"about":[{"href":"https:\/\/purematrixchem.com\/tr\/wp-json\/wp\/v2\/types\/product"}],"replies":[{"embeddable":true,"href":"https:\/\/purematrixchem.com\/tr\/wp-json\/wp\/v2\/comments?post=24268"}],"wp:featuredmedia":[{"embeddable":true,"href":"https:\/\/purematrixchem.com\/tr\/wp-json\/wp\/v2\/media\/29264"}],"wp:attachment":[{"href":"https:\/\/purematrixchem.com\/tr\/wp-json\/wp\/v2\/media?parent=24268"}],"wp:term":[{"taxonomy":"product_brand","embeddable":true,"href":"https:\/\/purematrixchem.com\/tr\/wp-json\/wp\/v2\/product_brand?post=24268"},{"taxonomy":"product_cat","embeddable":true,"href":"https:\/\/purematrixchem.com\/tr\/wp-json\/wp\/v2\/product_cat?post=24268"},{"taxonomy":"product_tag","embeddable":true,"href":"https:\/\/purematrixchem.com\/tr\/wp-json\/wp\/v2\/product_tag?post=24268"}],"curies":[{"name":"wp","href":"https:\/\/api.w.org\/{rel}","templated":true}]}}