{"id":29766,"date":"2025-12-06T13:24:16","date_gmt":"2025-12-06T12:24:16","guid":{"rendered":"https:\/\/purematrixchem.com\/?page_id=29766"},"modified":"2025-12-06T13:24:19","modified_gmt":"2025-12-06T12:24:19","slug":"kargo-si%cc%87pari%cc%87si%cc%87","status":"publish","type":"page","link":"https:\/\/purematrixchem.com\/tr\/kargo-si%cc%87pari%cc%87si%cc%87\/","title":{"rendered":"SI\u0307PARI\u0307\u015e &amp; G\u00d6NDERI\u0307M"},"content":{"rendered":"<p><strong>1. Sipari\u015f S\u00fcreci<\/strong><\/p>\n\n\n\n<ul class=\"wp-block-list\">\n<li>\u00dcr\u00fcnlere g\u00f6z at\u0131n<\/li>\n\n\n\n<li>\u00dcr\u00fcnleri sepete ekleme<\/li>\n\n\n\n<li>Sipari\u015f talebi g\u00f6nder<\/li>\n\n\n\n<li>Onay ve \u00f6deme talimatlar\u0131 alacaks\u0131n\u0131z<\/li>\n\n\n\n<li>Sipari\u015fler, \u00f6deme onayland\u0131ktan sonra g\u00f6nderilir<\/li>\n<\/ul>\n\n\n\n<p><strong>Ek do\u011frulama veya belge talep etme hakk\u0131m\u0131z sakl\u0131d\u0131r.<\/strong><\/p>\n\n\n\n<h2 class=\"wp-block-heading\"><strong>2. Nakliye B\u00f6lgeleri<\/strong><\/h2>\n\n\n\n<p>T\u00fcrkiye i\u00e7indeki \u00e7o\u011fu \u00fclkeye g\u00f6nderiyoruz <strong>AB, Birle\u015fik Krall\u0131k ve AEA<\/strong>.<br>Baz\u0131 kimyasallar ihracat veya g\u00fcvenlik y\u00f6netmelikleri ile k\u0131s\u0131tlanm\u0131\u015f olabilir.<\/p>\n\n\n\n<h2 class=\"wp-block-heading\"><strong>3. Nakliye Y\u00f6ntemleri<\/strong><\/h2>\n\n\n\n<p>Kimyasal ta\u015f\u0131ma standartlar\u0131n\u0131 kar\u015f\u0131layan sertifikal\u0131 kuryeler kullan\u0131yoruz.<\/p>\n\n\n\n<p>T\u00fcm g\u00f6nderiler dahildir:<\/p>\n\n\n\n<ul class=\"wp-block-list\">\n<li>G\u00fcvenli paketleme<\/li>\n\n\n\n<li>Uygun tehlike etiketlemesi<\/li>\n\n\n\n<li>SDS dok\u00fcmantasyonu<\/li>\n<\/ul>\n\n\n\n<h2 class=\"wp-block-heading\"><strong>4. Teslimat S\u00fcreleri<\/strong><\/h2>\n\n\n\n<p>Teslimat tahminleri:<\/p>\n\n\n\n<ul class=\"wp-block-list\">\n<li><strong>Yerel:<\/strong> 2-4 i\u015f g\u00fcn\u00fc<\/li>\n\n\n\n<li><strong>Avrupa \u00e7ap\u0131nda:<\/strong> 4-7 i\u015f g\u00fcn\u00fc<\/li>\n<\/ul>\n\n\n\n<p>G\u00fcmr\u00fck veya yasal kontroller nedeniyle gecikmeler ya\u015fanabilir.<\/p>\n\n\n\n<h2 class=\"wp-block-heading\"><strong>5. Kay\u0131p veya Hasarl\u0131 G\u00f6nderiler<\/strong><\/h2>\n\n\n\n<p>Paketiniz hasarl\u0131 veya eksikse:<\/p>\n\n\n\n<ul class=\"wp-block-list\">\n<li>48 saat i\u00e7inde bize bildirin<\/li>\n\n\n\n<li>Hasarl\u0131ysa foto\u011fraflar\u0131n\u0131 sa\u011flay\u0131n<\/li>\n<\/ul>\n\n\n\n<p>Sorunu derhal \u00e7\u00f6zmek i\u00e7in kurye ile birlikte \u00e7al\u0131\u015faca\u011f\u0131z.<\/p>","protected":false},"excerpt":{"rendered":"<p>1. Ordering Process We reserve the right to request additional verification or documentation. 2. Shipping Regions We ship to most countries within the EU, UK, and EEA.Some chemicals may be restricted by export or safety regulations. 3. Shipping Methods We use certified couriers that meet chemical transport standards. All shipments include: 4. Delivery Times Delivery [&hellip;]<\/p>\n","protected":false},"author":1,"featured_media":0,"parent":0,"menu_order":0,"comment_status":"closed","ping_status":"closed","template":"","meta":{"footnotes":""},"class_list":["post-29766","page","type-page","status-publish","hentry"],"blocksy_meta":[],"_links":{"self":[{"href":"https:\/\/purematrixchem.com\/tr\/wp-json\/wp\/v2\/pages\/29766","targetHints":{"allow":["GET"]}}],"collection":[{"href":"https:\/\/purematrixchem.com\/tr\/wp-json\/wp\/v2\/pages"}],"about":[{"href":"https:\/\/purematrixchem.com\/tr\/wp-json\/wp\/v2\/types\/page"}],"author":[{"embeddable":true,"href":"https:\/\/purematrixchem.com\/tr\/wp-json\/wp\/v2\/users\/1"}],"replies":[{"embeddable":true,"href":"https:\/\/purematrixchem.com\/tr\/wp-json\/wp\/v2\/comments?post=29766"}],"version-history":[{"count":0,"href":"https:\/\/purematrixchem.com\/tr\/wp-json\/wp\/v2\/pages\/29766\/revisions"}],"wp:attachment":[{"href":"https:\/\/purematrixchem.com\/tr\/wp-json\/wp\/v2\/media?parent=29766"}],"curies":[{"name":"wp","href":"https:\/\/api.w.org\/{rel}","templated":true}]}}