{"id":26119,"date":"2025-05-01T01:31:17","date_gmt":"2025-05-01T01:31:17","guid":{"rendered":"https:\/\/purematrixchem.com\/?post_type=product&#038;p=26119"},"modified":"2025-12-16T16:33:28","modified_gmt":"2025-12-16T15:33:28","slug":"scoarta-de-radacina-de-iboga","status":"publish","type":"product","link":"https:\/\/purematrixchem.com\/ro\/magazin\/iboga-ibogaina\/scoarta-de-radacina-de-iboga\/","title":{"rendered":"Scoar\u021b\u0103 de r\u0103d\u0103cin\u0103 Iboga"},"content":{"rendered":"<p class=\"ds-markdown-paragraph\"><strong>Koop Iboga Wortelbast (scoar\u021b\u0103 de r\u0103d\u0103cin\u0103 de Iboga)<\/strong><\/p>\n<p class=\"ds-markdown-paragraph\">Iboga wortelbast, Onze te koop aangeboden iboga wortelbast kan direct worden geconsumeerd door inname, of het kan eerst worden gemalen to iboga wortelbastpoeder voordat het wordt geconsumeerd. Hierna kan het in capsules worden ingekapseld en doorgeslikt om de bittere smaak te vermijden.<\/p>\n<p class=\"ds-markdown-paragraph\">Een grote dose Iboga wortelbast wordt geconsumeerd als een overgangsrite, en kleinere hoeveelheden worden traditioneel ingenomen door het Bwiti-volk voor genezingsceremonies en de jacht. Kleine doses iboga wortelbast van ongeveer 5 gram werken als stimulerend middel en afrodisiacum, terwijl grote doses iboga wortelbast van ongeveer 10 to 25 gram kunnen worden gebruikt voor spirituele exploratie, psychotherapeutische genezing, snelle fysieke ontgifting en verslavingsherstel.<\/p>\n<p class=\"ds-markdown-paragraph\">De asemenea, au fost ob\u021binute rezultate foarte bune \u0219i \u00een cazul trat\u0103rii altor boli, cum ar fi boala Parkinson. Veel Iboga-behandelcentra hebben vastgesteld dat er een aanzienlijke hoeveelheid iboga wortelbast moet worden ingenomen voor een volledige ervaring.<\/p>\n<p class=\"ds-markdown-paragraph\">Ce trebuie s\u0103 \u0219tii<\/p>\n<p class=\"ds-markdown-paragraph\">Consumul unei plante cu un con\u021binut ridicat de energie poate fi extrem de benefic. \u00cen cadrul ceremoniei Bwiti-inwijdings sunt consumate doze de p\u00e2n\u0103 la 100 de grame de iboga. Aceasta este doza maxim\u0103 recomandat\u0103, iar diferi\u021bii cultivatori de iboga au filosofii diferite cu privire la dozajul exact. O doz\u0103 terapeutic\u0103 tipic\u0103 de iboga variaz\u0103 de la 5 la 100 de grame, \u00een func\u021bie de persoan\u0103 \u0219i de comportamentul acesteia, dar utilizarea unei plante de origine vegetal\u0103 de calitate superioar\u0103, cum este iboga pe care o consum\u0103m, poate fi influen\u021bat\u0103 de o serie de erori. Iboga wortelbast blijft lang in het lichaam aanwezig, waarbij het soms ongeveer 72 uur to een week duurt voordat het uiteindelijk uit het systeem is verdwenen.2C-EF 2mg Capsules2-CMC 250mg pellets1V-LSD 150 MCG BlottersO-DSMT 50mg Pellets1cP-LSD 150 MCG Art Blotters<\/p>\n<div class=\"elementor-element elementor-element-dd111fd elementor-widget__width-initial elementor-widget elementor-widget-text-editor\" data-id=\"dd111fd\" data-element_type=\"widget\" data-widget_type=\"text-editor.default\">\n<div class=\"elementor-widget-container\"><\/div>\n<\/div>","protected":false},"excerpt":{"rendered":"<p>Koop Iboga Wortelbast (Iboga root bark) Iboga wortelbast, Onze te koop aangeboden iboga wortelbast kan direct worden geconsumeerd door inname, of het kan eerst worden gemalen tot iboga wortelbastpoeder voordat het wordt geconsumeerd. Hierna kan het in capsules worden ingekapseld en doorgeslikt om de bittere smaak te vermijden. Een grote dosis Iboga wortelbast wordt geconsumeerd [&hellip;]<\/p>\n","protected":false},"featured_media":29149,"comment_status":"closed","ping_status":"closed","template":"","meta":[],"product_brand":[82],"product_cat":[908],"product_tag":[914],"class_list":{"0":"post-26119","1":"product","2":"type-product","3":"status-publish","4":"has-post-thumbnail","6":"product_brand-research-chemical","7":"product_cat-iboga-ibogaine","8":"product_tag-iboga-root-bark","10":"first","11":"instock","12":"taxable","13":"shipping-taxable","14":"purchasable","15":"product-type-variable"},"_links":{"self":[{"href":"https:\/\/purematrixchem.com\/ro\/wp-json\/wp\/v2\/product\/26119","targetHints":{"allow":["GET"]}}],"collection":[{"href":"https:\/\/purematrixchem.com\/ro\/wp-json\/wp\/v2\/product"}],"about":[{"href":"https:\/\/purematrixchem.com\/ro\/wp-json\/wp\/v2\/types\/product"}],"replies":[{"embeddable":true,"href":"https:\/\/purematrixchem.com\/ro\/wp-json\/wp\/v2\/comments?post=26119"}],"wp:featuredmedia":[{"embeddable":true,"href":"https:\/\/purematrixchem.com\/ro\/wp-json\/wp\/v2\/media\/29149"}],"wp:attachment":[{"href":"https:\/\/purematrixchem.com\/ro\/wp-json\/wp\/v2\/media?parent=26119"}],"wp:term":[{"taxonomy":"product_brand","embeddable":true,"href":"https:\/\/purematrixchem.com\/ro\/wp-json\/wp\/v2\/product_brand?post=26119"},{"taxonomy":"product_cat","embeddable":true,"href":"https:\/\/purematrixchem.com\/ro\/wp-json\/wp\/v2\/product_cat?post=26119"},{"taxonomy":"product_tag","embeddable":true,"href":"https:\/\/purematrixchem.com\/ro\/wp-json\/wp\/v2\/product_tag?post=26119"}],"curies":[{"name":"wp","href":"https:\/\/api.w.org\/{rel}","templated":true}]}}