{"id":29772,"date":"2025-12-06T13:53:08","date_gmt":"2025-12-06T12:53:08","guid":{"rendered":"https:\/\/purematrixchem.com\/?page_id=29772"},"modified":"2025-12-21T09:55:20","modified_gmt":"2025-12-21T08:55:20","slug":"intrebari-frecvente-faqs","status":"publish","type":"page","link":"https:\/\/purematrixchem.com\/ro\/intrebari-frecvente-faqs\/","title":{"rendered":"\u00ceNTREB\u0102RI FRECVEN\u021aE (FAQ)"},"content":{"rendered":"<h3 class=\"wp-block-heading\"><strong>1. Cine poate cump\u0103ra de la Pure Matrix Chemicals?<\/strong><\/h3>\n\n\n\n<p>Persoane fizice, laboratoare, institu\u021bii de cercetare, universit\u0103\u021bi \u0219i profesioni\u0219ti califica\u021bi din industrie.<\/p>\n\n\n\n<h3 class=\"wp-block-heading\"><strong>2.<strong>Cum pot plasa o comand\u0103?<\/strong><\/strong><\/h3>\n\n\n\n<ul class=\"wp-block-list\">\n<li>R\u0103sfoi\u021bi catalogul nostru de produse. <\/li>\n\n\n\n<li>Ad\u0103uga\u021bi articole la lista din co\u0219. <\/li>\n\n\n\n<li>Trimite\u021bi cererea dvs. de comand\u0103. <\/li>\n\n\n\n<li>Echipa noastr\u0103 v\u0103 confirm\u0103 comanda \u0219i disponibilitatea. <\/li>\n\n\n\n<li>Produsele dvs. sunt expediate \u00een siguran\u021b\u0103 la loca\u021bia dvs.<\/li>\n<\/ul>\n\n\n\n<h3 class=\"wp-block-heading\"><strong>3. <strong>Ce op\u021biuni de plat\u0103 sunt disponibile<\/strong>?<\/strong><\/h3>\n\n\n\n<p>Transfer bancar \u0219i Bitcoin (BTC).<\/p>\n\n\n\n<h3 class=\"wp-block-heading\">4. <strong>Nu am primit o confirmare a comenzii\/pl\u0103\u021bii. Cum a\u0219a?<\/strong><\/h3>\n\n\n\n<p>Acest lucru se datoreaz\u0103 faptului c\u0103 nu lucr\u0103m cu iDeal. Pl\u0103\u021bile bancare nu sunt legate automat de o comand\u0103. Dac\u0103 nu a\u021bi primit confirmarea c\u0103 comanda dvs. a fost expediat\u0103 dup\u0103 24 de ore de la efectuarea pl\u0103\u021bii \u00een zilele lucr\u0103toare, v\u0103 rug\u0103m s\u0103 contacta\u021bi departamentul nostru de servicii pentru clien\u021bi.<\/p>\n\n\n\n<h3 class=\"wp-block-heading\"><strong>5. Produsele dvs. sunt \u00eenso\u021bite de documente FDS?<\/strong><\/h3>\n\n\n\n<p>Da. Fiecare produs chimic include o fi\u0219\u0103 tehnic\u0103 de securitate complet\u0103.<\/p>\n\n\n\n<h3 class=\"wp-block-heading\"><strong>6. <strong>Care sunt costurile de expediere?<\/strong><\/strong><\/h3>\n\n\n\n<p>Sub 150,00 \u20ac pl\u0103ti\u021bi 4,99 \u20ac pentru transport, peste aceast\u0103 sum\u0103 transportul este gratuit.<\/p>\n\n\n\n<h3 class=\"wp-block-heading\"><strong>7. Efectua\u021bi livr\u0103ri interna\u021bionale?<\/strong><\/h3>\n\n\n\n<p>Livr\u0103m numai \u00een Europa<\/p>\n\n\n\n<h3 class=\"wp-block-heading\"><strong>8. Produsele dvs. chimice sunt de \u00eenalt\u0103 puritate?<\/strong><\/h3>\n\n\n\n<p>Da. Specifica\u021biile de puritate sunt enumerate pe pagina fiec\u0103rui produs \u0219i sunt testate pe loturi.<\/p>\n\n\n\n<h3 class=\"wp-block-heading\"><strong>9. Oferi\u021bi comenzi \u00een vrac sau aprovizionare personalizat\u0103?<\/strong><\/h3>\n\n\n\n<p>Da. Contacta\u021bi-ne pentru o ofert\u0103 personalizat\u0103.<\/p>\n\n\n\n<h3 class=\"wp-block-heading\"><strong>10. Ce se \u00eent\u00e2mpl\u0103 dac\u0103 un produs nu mai este \u00een stoc?<\/strong><\/h3>\n\n\n\n<p>Echipa noastr\u0103 poate sugera alternative sau poate oferi termene de reaprovizionare.<\/p>","protected":false},"excerpt":{"rendered":"<p>1. Who can buy from Pure Matrix Chemicals? Individuals, Laboratories, research institutions, universities, and qualified industrial professionals. 2.How do I place an order? 3. What payment options are available? Bank Transfer and Bitcoin (BTC). 4. I did not receive an order\/payment confirmation. How come? This is because we do not work with iDeal. Bank payments [&hellip;]<\/p>\n","protected":false},"author":1,"featured_media":0,"parent":0,"menu_order":0,"comment_status":"closed","ping_status":"closed","template":"","meta":{"footnotes":""},"class_list":["post-29772","page","type-page","status-publish","hentry"],"blocksy_meta":[],"_links":{"self":[{"href":"https:\/\/purematrixchem.com\/ro\/wp-json\/wp\/v2\/pages\/29772","targetHints":{"allow":["GET"]}}],"collection":[{"href":"https:\/\/purematrixchem.com\/ro\/wp-json\/wp\/v2\/pages"}],"about":[{"href":"https:\/\/purematrixchem.com\/ro\/wp-json\/wp\/v2\/types\/page"}],"author":[{"embeddable":true,"href":"https:\/\/purematrixchem.com\/ro\/wp-json\/wp\/v2\/users\/1"}],"replies":[{"embeddable":true,"href":"https:\/\/purematrixchem.com\/ro\/wp-json\/wp\/v2\/comments?post=29772"}],"version-history":[{"count":1,"href":"https:\/\/purematrixchem.com\/ro\/wp-json\/wp\/v2\/pages\/29772\/revisions"}],"predecessor-version":[{"id":30133,"href":"https:\/\/purematrixchem.com\/ro\/wp-json\/wp\/v2\/pages\/29772\/revisions\/30133"}],"wp:attachment":[{"href":"https:\/\/purematrixchem.com\/ro\/wp-json\/wp\/v2\/media?parent=29772"}],"curies":[{"name":"wp","href":"https:\/\/api.w.org\/{rel}","templated":true}]}}