{"id":26132,"date":"2025-05-01T01:31:17","date_gmt":"2025-05-01T01:31:17","guid":{"rendered":"https:\/\/purematrixchem.com\/?post_type=product&#038;p=26132"},"modified":"2025-12-07T16:31:18","modified_gmt":"2025-12-07T15:31:18","slug":"comprar-cloridrato-de-ibogaina-online","status":"publish","type":"product","link":"https:\/\/purematrixchem.com\/pt\/comprar\/iboga-ibogaina\/comprar-cloridrato-de-ibogaina-online\/","title":{"rendered":"Comprar Ibogaine HCL"},"content":{"rendered":"<h2>Comprar Ibogaine HCL<\/h2>\n<div class=\"sm-table-layout__cell sm-table-layout__cell_align_left sm-table-layout__cell_fixed-cell_phrase\" role=\"cell\" data-testid=\"table-cell-keyword\">\n<div class=\"sm-cell-phrase\"><span class=\"___SText_anxqe-kmt_\" data-ui-name=\"Link.Text\">comprar ibogaine hcl online, <\/span>Comprar Ibogaine HCL, Ibogaine \u00e9 a subst\u00e2ncia qu\u00edmica ativa encontrada na raiz africana Tabernanthe iboga que elimina os sinais f\u00edsicos de abstin\u00eancia e interrompe o comportamento de desejo de drogas de uma vez por todas. A Iboga\u00edna HCL provou ser a planta herb\u00e1cea mais influente na cura de depend\u00eancias. Quando aplicada corretamente, os resultados s\u00e3o 100% eficazes. Oferecemos a Iboga pr\u00e9-embalada em c\u00e1psulas, o que ajuda na dosagem e na facilidade de consumo.<\/div>\n<\/div>\n<p>Extra\u00eddo da casca da raiz de Tabernanthe Iboga. Na segunda camada da casca da Iboga encontram-se aproximadamente 12 alcal\u00f3ides diferentes. Os tr\u00eas alcal\u00f3ides mais proeminentes que s\u00e3o extra\u00eddos incluem a Iboga\u00edna, a Ibogamina e tamb\u00e9m a Ibogalina. Como um composto qu\u00edmico da Iboga\u00edna, a Iboga\u00edna HCL \u00e9 utilizada no tratamento da depend\u00eancia. A Iboga\u00edna HCL \u00e9 um composto natural extra\u00eddo do arbusto Tabernanthe iboga, nativo de \u00c1frica. Utilizado para eliminar toxinas (como opi\u00e1ceos e outras drogas) do corpo e ajudar a reduzir drasticamente os sintomas inc\u00f3modos associados \u00e0 abstin\u00eancia f\u00edsica do abuso de subst\u00e2ncias.<\/p>\n<p>A Iboga\u00edna HCL \u00e9 o terceiro grau de Iboga\u00edna e \u00e9 mais frequentemente utilizada como terapia contra a depend\u00eancia. Passa por um processo de purifica\u00e7\u00e3o distinto utilizando HCL que remove v\u00e1rias impurezas e outras subst\u00e2ncias. Para al\u00e9m disso, a Iboga\u00edna HCL cont\u00e9m aproximadamente 85-99% de Iboga\u00edna pura.<\/p>\n<h2>Ibogaine HCL para venda<\/h2>\n<p>Normalmente, a Iboga\u00edna HCL \u00e9 utilizada num ambiente m\u00e9dico sob a supervis\u00e3o de m\u00e9dicos e enfermeiros certificados e com forma\u00e7\u00e3o profissional. \u00c9 ben\u00e9fico para ajudar uma pessoa que luta contra o abuso de subst\u00e2ncias a gerir os sintomas de abstin\u00eancia de drogas ou \u00e1lcool. A Iboga\u00edna HCL \u00e9 usada para tratar os sintomas de abstin\u00eancia de drogas, trabalhando em sinergia com neur\u00f3nios e locais receptores espec\u00edficos encontrados no c\u00e9rebro e no sistema nervoso central.<\/p>\n<p>Quando uma pessoa \u00e9 submetida a um tratamento de abstin\u00eancia com Ibogaine HCL, continua a haver sintomas de abstin\u00eancia. No entanto, estes s\u00e3o normalmente sentidos numa fra\u00e7\u00e3o do que se sente sem tratamento. Os efeitos do tratamento com Iboga\u00edna HCL podem durar de 15 a 36 horas, dependendo das carater\u00edsticas \u00fanicas do paciente.<a href=\"https:\/\/purematrixchem.com\/shop\/cathinonen\/2-cmc-kopen\/\">2-CMC 250mg pellets<\/a><a href=\"https:\/\/purematrixchem.com\/shop\/bijna-verboden\/6-cl-adba\/\">6-CL-ADBA<\/a><a href=\"https:\/\/purematrixchem.com\/shop\/lysergamides\/1v-lsd-150-mcg-blotters\/\">1V-LSD 150 MCG Blotters<\/a><a href=\"https:\/\/purematrixchem.com\/shop\/pellets\/o-dsmt-50mg-pellets\/\">O-DSMT 50mg Pellets<\/a><a href=\"https:\/\/purematrixchem.com\/shop\/lysergamides\/1cp-lsd-150-mcg\/\">1cP-LSD 150 MCG Blotters de arte<\/a><\/p>","protected":false},"excerpt":{"rendered":"<p>Buy Ibogaine HCL buy ibogaine hcl online, Buy Ibogaine HCL, Ibogaine is the active chemical found in the African Tabernanthe iboga root that clears physical withdrawal signs and interrupts drug craving behaviour once and for all. Ibogaine HCL has been proven to be the most influential herbal plant to cure addictions. When correctly applied, the [&hellip;]<\/p>\n","protected":false},"featured_media":29152,"comment_status":"closed","ping_status":"closed","template":"","meta":[],"product_brand":[82],"product_cat":[908],"product_tag":[913],"class_list":{"0":"post-26132","1":"product","2":"type-product","3":"status-publish","4":"has-post-thumbnail","6":"product_brand-research-chemical","7":"product_cat-iboga-ibogaine","8":"product_tag-buy-ibogaine-hcl-online","10":"first","11":"instock","12":"taxable","13":"shipping-taxable","14":"purchasable","15":"product-type-variable"},"_links":{"self":[{"href":"https:\/\/purematrixchem.com\/pt\/wp-json\/wp\/v2\/product\/26132","targetHints":{"allow":["GET"]}}],"collection":[{"href":"https:\/\/purematrixchem.com\/pt\/wp-json\/wp\/v2\/product"}],"about":[{"href":"https:\/\/purematrixchem.com\/pt\/wp-json\/wp\/v2\/types\/product"}],"replies":[{"embeddable":true,"href":"https:\/\/purematrixchem.com\/pt\/wp-json\/wp\/v2\/comments?post=26132"}],"wp:featuredmedia":[{"embeddable":true,"href":"https:\/\/purematrixchem.com\/pt\/wp-json\/wp\/v2\/media\/29152"}],"wp:attachment":[{"href":"https:\/\/purematrixchem.com\/pt\/wp-json\/wp\/v2\/media?parent=26132"}],"wp:term":[{"taxonomy":"product_brand","embeddable":true,"href":"https:\/\/purematrixchem.com\/pt\/wp-json\/wp\/v2\/product_brand?post=26132"},{"taxonomy":"product_cat","embeddable":true,"href":"https:\/\/purematrixchem.com\/pt\/wp-json\/wp\/v2\/product_cat?post=26132"},{"taxonomy":"product_tag","embeddable":true,"href":"https:\/\/purematrixchem.com\/pt\/wp-json\/wp\/v2\/product_tag?post=26132"}],"curies":[{"name":"wp","href":"https:\/\/api.w.org\/{rel}","templated":true}]}}