{"id":26119,"date":"2025-05-01T01:31:17","date_gmt":"2025-05-01T01:31:17","guid":{"rendered":"https:\/\/purematrixchem.com\/?post_type=product&#038;p=26119"},"modified":"2025-12-16T16:33:28","modified_gmt":"2025-12-16T15:33:28","slug":"casca-da-raiz-de-iboga","status":"publish","type":"product","link":"https:\/\/purematrixchem.com\/pt\/comprar\/iboga-ibogaina\/casca-da-raiz-de-iboga\/","title":{"rendered":"Casca da raiz de Iboga"},"content":{"rendered":"<p class=\"ds-markdown-paragraph\"><strong>Koop Iboga Wortelbast (casca da raiz de Iboga)<\/strong><\/p>\n<p class=\"ds-markdown-paragraph\">Iboga wortelbast, Onze te koop aangeboden iboga wortelbast kan direct worden geconsumeerd door inname, of het kan eerst worden gemalen tot iboga wortelbastpoeder voordat het wordt geconsumeerd. Hierna kan het in capsules worden ingekapseld en doorgeslikt om de bittere smaak te vermijden.<\/p>\n<p class=\"ds-markdown-paragraph\">Een grote dosis Iboga wortelbast wordt geconsumeerd als een overgangsrite, en kleinere hoeveelheden worden traditioneel ingenomen door het Bwiti-volk voor genezingsceremonies en de jacht. Kleine doses iboga wortelbast van ongeveer 5 gram werken als stimulerend middel en afrodisiacum, terwijl grote doses iboga wortelbast van ongeveer 10 tot 25 gram kunnen worden gebruikt voor spirituele exploratie, psychotherapeutische genezing, snelle fysieke ontgifting en verslavingsherstel.<\/p>\n<p class=\"ds-markdown-paragraph\">Outros resultados muito semelhantes tamb\u00e9m podem ser obtidos atrav\u00e9s do tratamento de outras doen\u00e7as, como o Parkinson. Muitos dos doentes de iboga foram informados de que o uso de um medicamento de iboga de pot\u00eancia m\u00e9dia deve ser concebido para uma cura completa.<\/p>\n<p class=\"ds-markdown-paragraph\">O que deve ser dito<\/p>\n<p class=\"ds-markdown-paragraph\">O consumo de uma planta de ervas com um teor de humidade t\u00e3o elevado pode ser muito \u00fatil. In de Bwiti-inwijdingsceremonie zijn doses tot wel 100 gram iboga wortelbast gedurende de ceremonie geconsumeerd. Dit is de maximum dosis die is waargenomen, en verschillende leveranciers van iboga wortelbast hebben verschillende filosofie\u00ebn over exacte doseringen. Een typische therapeutische dosis van onze te koop aangeboden iboga wortelbast varieert van 5 tot 100 gram, afhankelijk van de persoon en het behandeldoel, maar het eten van een grote hoeveelheid vezelig plantmateriaal, zoals onze iboga die te koop is, kan bij iedereen misselijkheid veroorzaken. O iboga wortelbast \u00e9 muito utilizado na alimenta\u00e7\u00e3o, pelo que pode durar entre 72 horas a uma semana, quando a subst\u00e2ncia \u00e9 removida do sistema.2C-EF 2mg C\u00e1psulas2-CMC 250mg Pellets1V-LSD 150 MCG BlottersO-DSMT 50mg Pellets1cP-LSD 150 MCG Art Blotters<\/p>\n<div class=\"elementor-element elementor-element-dd111fd elementor-widget__width-initial elementor-widget elementor-widget-text-editor\" data-id=\"dd111fd\" data-element_type=\"widget\" data-widget_type=\"text-editor.default\">\n<div class=\"elementor-widget-container\"><\/div>\n<\/div>","protected":false},"excerpt":{"rendered":"<p>Koop Iboga Wortelbast (Iboga root bark) Iboga wortelbast, Onze te koop aangeboden iboga wortelbast kan direct worden geconsumeerd door inname, of het kan eerst worden gemalen tot iboga wortelbastpoeder voordat het wordt geconsumeerd. Hierna kan het in capsules worden ingekapseld en doorgeslikt om de bittere smaak te vermijden. Een grote dosis Iboga wortelbast wordt geconsumeerd [&hellip;]<\/p>\n","protected":false},"featured_media":29149,"comment_status":"closed","ping_status":"closed","template":"","meta":[],"product_brand":[82],"product_cat":[908],"product_tag":[914],"class_list":{"0":"post-26119","1":"product","2":"type-product","3":"status-publish","4":"has-post-thumbnail","6":"product_brand-research-chemical","7":"product_cat-iboga-ibogaine","8":"product_tag-iboga-root-bark","10":"first","11":"instock","12":"taxable","13":"shipping-taxable","14":"purchasable","15":"product-type-variable"},"_links":{"self":[{"href":"https:\/\/purematrixchem.com\/pt\/wp-json\/wp\/v2\/product\/26119","targetHints":{"allow":["GET"]}}],"collection":[{"href":"https:\/\/purematrixchem.com\/pt\/wp-json\/wp\/v2\/product"}],"about":[{"href":"https:\/\/purematrixchem.com\/pt\/wp-json\/wp\/v2\/types\/product"}],"replies":[{"embeddable":true,"href":"https:\/\/purematrixchem.com\/pt\/wp-json\/wp\/v2\/comments?post=26119"}],"wp:featuredmedia":[{"embeddable":true,"href":"https:\/\/purematrixchem.com\/pt\/wp-json\/wp\/v2\/media\/29149"}],"wp:attachment":[{"href":"https:\/\/purematrixchem.com\/pt\/wp-json\/wp\/v2\/media?parent=26119"}],"wp:term":[{"taxonomy":"product_brand","embeddable":true,"href":"https:\/\/purematrixchem.com\/pt\/wp-json\/wp\/v2\/product_brand?post=26119"},{"taxonomy":"product_cat","embeddable":true,"href":"https:\/\/purematrixchem.com\/pt\/wp-json\/wp\/v2\/product_cat?post=26119"},{"taxonomy":"product_tag","embeddable":true,"href":"https:\/\/purematrixchem.com\/pt\/wp-json\/wp\/v2\/product_tag?post=26119"}],"curies":[{"name":"wp","href":"https:\/\/api.w.org\/{rel}","templated":true}]}}