{"id":29778,"date":"2025-12-06T14:02:02","date_gmt":"2025-12-06T13:02:02","guid":{"rendered":"https:\/\/purematrixchem.com\/?page_id=29778"},"modified":"2025-12-06T14:02:06","modified_gmt":"2025-12-06T13:02:06","slug":"about-us","status":"publish","type":"page","link":"https:\/\/purematrixchem.com\/pt\/about-us\/","title":{"rendered":"Sobre n\u00f3s"},"content":{"rendered":"<p>A PureMatrix Chemicals dedica-se a fornecer produtos qu\u00edmicos de investiga\u00e7\u00e3o de elevada pureza que satisfazem os padr\u00f5es rigorosos da investiga\u00e7\u00e3o cient\u00edfica e das aplica\u00e7\u00f5es industriais. A nossa marca est\u00e1 empenhada em apoiar institui\u00e7\u00f5es educativas, industriais e de investiga\u00e7\u00e3o, incluindo universidades, laborat\u00f3rios, empresas farmac\u00eauticas e empresas de biotecnologia, fornecendo produtos que garantem precis\u00e3o, fiabilidade e inova\u00e7\u00e3o. O nosso objetivo \u00e9 ser o parceiro de confian\u00e7a no avan\u00e7o cient\u00edfico, oferecendo solu\u00e7\u00f5es que permitem aos investigadores e profissionais da ind\u00fastria alcan\u00e7ar resultados inovadores. A nossa estrat\u00e9gia de marca centra-se na clareza, no envolvimento emocional e na coer\u00eancia interna para construir rela\u00e7\u00f5es duradouras com os nossos clientes.<\/p>\n\n\n\n<h2 class=\"wp-block-heading\">Pilares estrat\u00e9gicos<\/h2>\n\n\n\n<h3 class=\"wp-block-heading\">Integridade \u00e9tica<\/h3>\n\n\n\n<p>A PureMatrix Chemicals tem o compromisso de manter os mais altos padr\u00f5es \u00e9ticos em todas as suas opera\u00e7\u00f5es. Garantimos que nossos produtos s\u00e3o adquiridos e fabricados de forma respons\u00e1vel, com foco na sustentabilidade e na gest\u00e3o ambiental. Nosso posicionamento \u00e9tico \u00e9 refor\u00e7ado por pr\u00e1ticas comerciais transparentes e um compromisso com a responsabilidade social, garantindo que nossos clientes possam confiar em n\u00f3s para fornecer produtos que n\u00e3o sejam apenas eficazes, mas tamb\u00e9m eticamente corretos.<\/p>\n\n\n\n<h3 class=\"wp-block-heading\">Excel\u00eancia funcional<\/h3>\n\n\n\n<p>Os nossos produtos s\u00e3o concebidos para proporcionar um valor funcional excecional, satisfazendo as necessidades precisas dos nossos clientes em ambientes educativos, industriais e de investiga\u00e7\u00e3o. Oferecemos uma gama abrangente de produtos qu\u00edmicos de investiga\u00e7\u00e3o de elevada pureza que s\u00e3o rigorosamente testados para garantir qualidade e fiabilidade. Ao concentrarmo-nos na inova\u00e7\u00e3o e na melhoria cont\u00ednua, fornecemos solu\u00e7\u00f5es que aumentam a efici\u00eancia e a efic\u00e1cia da investiga\u00e7\u00e3o cient\u00edfica e das aplica\u00e7\u00f5es industriais. Este pilar destaca o nosso compromisso com a excel\u00eancia e posiciona-nos como l\u00edderes no sector.<\/p>\n\n\n\n<h3 class=\"wp-block-heading\">Liga\u00e7\u00e3o emocional<\/h3>\n\n\n\n<p>Esfor\u00e7amo-nos por criar uma liga\u00e7\u00e3o emocional com os nossos clientes, compreendendo os seus desafios e aspira\u00e7\u00f5es. Nossa marca \u00e9 constru\u00edda sobre uma base de empatia e apoio, oferecendo servi\u00e7o personalizado e orienta\u00e7\u00e3o especializada para ajudar nossos clientes a atingir seus objetivos. Ao promover um senso de comunidade e colabora\u00e7\u00e3o, inspiramos confian\u00e7a e lealdade entre nossos clientes, tornando a PureMatrix Chemicals um parceiro confi\u00e1vel em sua jornada rumo \u00e0 descoberta cient\u00edfica e \u00e0 inova\u00e7\u00e3o.<\/p>\n\n\n\n<h3 class=\"wp-block-heading\">Proposta de valor<\/h3>\n\n\n\n<p>A PureMatrix Chemicals destaca-se como a principal escolha para produtos qu\u00edmicos de investiga\u00e7\u00e3o de elevada pureza, oferecendo uma qualidade e fiabilidade sem paralelo. Nossos produtos s\u00e3o meticulosamente elaborados para atender \u00e0s rigorosas demandas de pesquisa cient\u00edfica e aplica\u00e7\u00f5es industriais, garantindo precis\u00e3o e consist\u00eancia em cada uso. Ao escolher a PureMatrix Chemicals, os clientes se beneficiam de nosso compromisso com a inova\u00e7\u00e3o, a sustentabilidade e as pr\u00e1ticas \u00e9ticas, que n\u00e3o apenas melhoram os resultados de suas pesquisas, mas tamb\u00e9m se alinham com seus valores. Nosso suporte dedicado ao cliente e orienta\u00e7\u00e3o especializada enriquecem ainda mais a experi\u00eancia, proporcionando tranquilidade e promovendo parcerias de longo prazo. Com a PureMatrix Chemicals, os clientes t\u00eam o poder de ultrapassar os limites da descoberta cient\u00edfica, confiantes no conhecimento de que t\u00eam um aliado de confian\u00e7a em sua busca pela excel\u00eancia.<\/p>","protected":false},"excerpt":{"rendered":"<p>PureMatrix Chemicals is dedicated to providing high-purity research chemicals that meet the rigorous standards of scientific research and industrial applications. Our brand is committed to supporting educational, industrial, and research institutions, including universities, laboratories, pharmaceutical companies, and biotech firms, by delivering products that ensure precision, reliability, and innovation. We aim to be the trusted partner [&hellip;]<\/p>\n","protected":false},"author":1,"featured_media":0,"parent":0,"menu_order":0,"comment_status":"closed","ping_status":"closed","template":"","meta":{"footnotes":""},"class_list":["post-29778","page","type-page","status-publish","hentry"],"blocksy_meta":[],"_links":{"self":[{"href":"https:\/\/purematrixchem.com\/pt\/wp-json\/wp\/v2\/pages\/29778","targetHints":{"allow":["GET"]}}],"collection":[{"href":"https:\/\/purematrixchem.com\/pt\/wp-json\/wp\/v2\/pages"}],"about":[{"href":"https:\/\/purematrixchem.com\/pt\/wp-json\/wp\/v2\/types\/page"}],"author":[{"embeddable":true,"href":"https:\/\/purematrixchem.com\/pt\/wp-json\/wp\/v2\/users\/1"}],"replies":[{"embeddable":true,"href":"https:\/\/purematrixchem.com\/pt\/wp-json\/wp\/v2\/comments?post=29778"}],"version-history":[{"count":0,"href":"https:\/\/purematrixchem.com\/pt\/wp-json\/wp\/v2\/pages\/29778\/revisions"}],"wp:attachment":[{"href":"https:\/\/purematrixchem.com\/pt\/wp-json\/wp\/v2\/media?parent=29778"}],"curies":[{"name":"wp","href":"https:\/\/api.w.org\/{rel}","templated":true}]}}