{"id":26132,"date":"2025-05-01T01:31:17","date_gmt":"2025-05-01T01:31:17","guid":{"rendered":"https:\/\/purematrixchem.com\/?post_type=product&#038;p=26132"},"modified":"2025-12-07T16:31:18","modified_gmt":"2025-12-07T15:31:18","slug":"kup-ibogaine-hcl-online","status":"publish","type":"product","link":"https:\/\/purematrixchem.com\/pl\/sklep\/iboga-ibogaina\/kup-ibogaine-hcl-online\/","title":{"rendered":"Kup Ibogain\u0119 HCL"},"content":{"rendered":"<h2>Kup Ibogain\u0119 HCL<\/h2>\n<div class=\"sm-table-layout__cell sm-table-layout__cell_align_left sm-table-layout__cell_fixed-cell_phrase\" role=\"cell\" data-testid=\"table-cell-keyword\">\n<div class=\"sm-cell-phrase\"><span class=\"___SText_anxqe-kmt_\" data-ui-name=\"Link.Text\">kupi\u0107 ibogain\u0119 hcl online, <\/span>Kup Ibogaine HCL, Ibogaine jest aktywn\u0105 substancj\u0105 chemiczn\u0105 wyst\u0119puj\u0105c\u0105 w afryka\u0144skim korzeniu Tabernanthe iboga, kt\u00f3ra usuwa fizyczne objawy odstawienia i przerywa g\u0142\u00f3d narkotykowy raz na zawsze. Udowodniono, \u017ce Ibogaine HCL jest najbardziej wp\u0142ywow\u0105 ro\u015blin\u0105 zio\u0142ow\u0105 do leczenia uzale\u017cnie\u0144. Po prawid\u0142owym zastosowaniu wyniki s\u0105 100% skuteczne. Oferujemy Iboga wst\u0119pnie zapakowane w kapsu\u0142ki, co pomaga w dawkowaniu i \u0142atwo\u015bci konsumpcji.<\/div>\n<\/div>\n<p>Wyci\u0105g z kory korzenia Tabernanthe Iboga. W drugiej warstwie kory Iboga znajduje si\u0119 oko\u0142o 12 r\u00f3\u017cnych alkaloid\u00f3w. Trzy najbardziej znane alkaloidy, kt\u00f3re s\u0105 ekstrahowane, to Ibogaina, Ibogamina, a tak\u017ce Ibogalina. Jako zwi\u0105zek chemiczny Ibogainy, Ibogaina HCL jest stosowana w leczeniu uzale\u017cnie\u0144. Ibogaina HCL to naturalnie wyst\u0119puj\u0105cy zwi\u0105zek ekstrahowany z krzewu Tabernanthe iboga pochodz\u0105cego z Afryki. S\u0142u\u017cy do wyp\u0142ukiwania toksyn (takich jak opiaty i inne narkotyki) z organizmu i pomaga radykalnie zmniejszy\u0107 nieprzyjemne objawy zwi\u0105zane z fizycznym odstawieniem substancji.<\/p>\n<p>Ibogaina HCL jest trzeci\u0105 klas\u0105 Ibogainy i jest najcz\u0119\u015bciej stosowana w terapii uzale\u017cnie\u0144. Ibogaina przechodzi wyra\u017any proces oczyszczania przy u\u017cyciu HCL, kt\u00f3ry usuwa kilka zanieczyszcze\u0144 i innych substancji. Ponadto Ibogaine HCL zawiera oko\u0142o 85-99 procent czystej ibogainy.<\/p>\n<h2>Ibogaina HCL na sprzeda\u017c<\/h2>\n<p>Zazwyczaj Ibogaine HCL jest stosowana w warunkach medycznych pod nadzorem profesjonalnie przeszkolonych, certyfikowanych lekarzy i piel\u0119gniarek. Jest to korzystne w pomaganiu osobie zmagaj\u0105cej si\u0119 z nadu\u017cywaniem substancji w radzeniu sobie z objawami odstawienia narkotyk\u00f3w lub alkoholu. Ibogaina HCL jest stosowana w leczeniu objaw\u00f3w odstawienia narkotyk\u00f3w poprzez dzia\u0142anie w synergii z neuronami i okre\u015blonymi miejscami receptorowymi znajduj\u0105cymi si\u0119 w m\u00f3zgu i o\u015brodkowym uk\u0142adzie nerwowym.<\/p>\n<p>Kiedy osoba przechodzi odstawienie Ibogainy HCL, nadal b\u0119d\u0105 wyst\u0119powa\u0107 objawy odstawienia. Jednak s\u0105 one zwykle odczuwalne w u\u0142amku tego, co jest do\u015bwiadczane bez leczenia. Efekty leczenia Ibogaine HCL mog\u0105 trwa\u0107 od 15 do 36 godzin, w zale\u017cno\u015bci od unikalnych cech pacjenta.<a href=\"https:\/\/purematrixchem.com\/shop\/cathinonen\/2-cmc-kopen\/\">2-CMC 250mg granulki<\/a><a href=\"https:\/\/purematrixchem.com\/shop\/bijna-verboden\/6-cl-adba\/\">6-CL-ADBA<\/a><a href=\"https:\/\/purematrixchem.com\/shop\/lysergamides\/1v-lsd-150-mcg-blotters\/\">1V-LSD 150 MCG Blotters<\/a><a href=\"https:\/\/purematrixchem.com\/shop\/pellets\/o-dsmt-50mg-pellets\/\">O-DSMT 50mg granulat<\/a><a href=\"https:\/\/purematrixchem.com\/shop\/lysergamides\/1cp-lsd-150-mcg\/\">1cP-LSD 150 MCG Art Blotters<\/a><\/p>","protected":false},"excerpt":{"rendered":"<p>Buy Ibogaine HCL buy ibogaine hcl online, Buy Ibogaine HCL, Ibogaine is the active chemical found in the African Tabernanthe iboga root that clears physical withdrawal signs and interrupts drug craving behaviour once and for all. Ibogaine HCL has been proven to be the most influential herbal plant to cure addictions. When correctly applied, the [&hellip;]<\/p>\n","protected":false},"featured_media":29152,"comment_status":"closed","ping_status":"closed","template":"","meta":[],"product_brand":[82],"product_cat":[908],"product_tag":[913],"class_list":{"0":"post-26132","1":"product","2":"type-product","3":"status-publish","4":"has-post-thumbnail","6":"product_brand-research-chemical","7":"product_cat-iboga-ibogaine","8":"product_tag-buy-ibogaine-hcl-online","10":"first","11":"instock","12":"taxable","13":"shipping-taxable","14":"purchasable","15":"product-type-variable"},"_links":{"self":[{"href":"https:\/\/purematrixchem.com\/pl\/wp-json\/wp\/v2\/product\/26132","targetHints":{"allow":["GET"]}}],"collection":[{"href":"https:\/\/purematrixchem.com\/pl\/wp-json\/wp\/v2\/product"}],"about":[{"href":"https:\/\/purematrixchem.com\/pl\/wp-json\/wp\/v2\/types\/product"}],"replies":[{"embeddable":true,"href":"https:\/\/purematrixchem.com\/pl\/wp-json\/wp\/v2\/comments?post=26132"}],"wp:featuredmedia":[{"embeddable":true,"href":"https:\/\/purematrixchem.com\/pl\/wp-json\/wp\/v2\/media\/29152"}],"wp:attachment":[{"href":"https:\/\/purematrixchem.com\/pl\/wp-json\/wp\/v2\/media?parent=26132"}],"wp:term":[{"taxonomy":"product_brand","embeddable":true,"href":"https:\/\/purematrixchem.com\/pl\/wp-json\/wp\/v2\/product_brand?post=26132"},{"taxonomy":"product_cat","embeddable":true,"href":"https:\/\/purematrixchem.com\/pl\/wp-json\/wp\/v2\/product_cat?post=26132"},{"taxonomy":"product_tag","embeddable":true,"href":"https:\/\/purematrixchem.com\/pl\/wp-json\/wp\/v2\/product_tag?post=26132"}],"curies":[{"name":"wp","href":"https:\/\/api.w.org\/{rel}","templated":true}]}}