{"id":24075,"date":"2025-04-13T17:41:00","date_gmt":"2025-04-13T17:41:00","guid":{"rendered":"https:\/\/purematrixchem.com\/?post_type=product&#038;p=24075"},"modified":"2026-01-13T13:24:14","modified_gmt":"2026-01-13T12:24:14","slug":"1d-lsd-150mcg-blottery","status":"publish","type":"product","link":"https:\/\/purematrixchem.com\/pl\/sklep\/1-dzien-lsd\/1d-lsd-150mcg-blottery\/","title":{"rendered":"1D-LSD 150mcg Blotters"},"content":{"rendered":"<h1><span dir=\"auto\" style=\"vertical-align: inherit;\"><span dir=\"auto\" style=\"vertical-align: inherit;\">1DLSD 150mcg Blotters - Pot\u0119\u017cna i niezawodna substancja badawcza<\/span><\/span><\/h1>\n<p><span dir=\"auto\" style=\"vertical-align: inherit;\"><span dir=\"auto\" style=\"vertical-align: inherit;\">Odkryj <\/span><\/span><strong><span dir=\"auto\" style=\"vertical-align: inherit;\"><span dir=\"auto\" style=\"vertical-align: inherit;\">Bibu\u0142ki 1D-LSD 150mcg<\/span><\/span><\/strong><span dir=\"auto\" style=\"vertical-align: inherit;\"><span dir=\"auto\" style=\"vertical-align: inherit;\"> , jeden z najcz\u0119\u015bciej omawianych analog\u00f3w lizergamidu w \u015bwiecie chemikali\u00f3w badawczych. Te wysokiej jako\u015bci bibu\u0142ki oferuj\u0105 sp\u00f3jne i precyzyjne dozowanie, idealne do bada\u0144 naukowych i zaawansowanych bada\u0144 psychonautycznych.<\/span><\/span><\/p>\n<h2><span dir=\"auto\" style=\"vertical-align: inherit;\"><span dir=\"auto\" style=\"vertical-align: inherit;\">Dlaczego warto wybra\u0107 1D-LSD?<\/span><\/span><\/h2>\n<p><span dir=\"auto\" style=\"vertical-align: inherit;\"><span dir=\"auto\" style=\"vertical-align: inherit;\">1DLSD (dietyloamid kwasu 1D-lizergowego) jest nowym i obiecuj\u0105cym analogiem lizergamidu znanym z jego <\/span><\/span><strong><span dir=\"auto\" style=\"vertical-align: inherit;\"><span dir=\"auto\" style=\"vertical-align: inherit;\">stabilna struktura chemiczna<\/span><\/span><\/strong><span dir=\"auto\" style=\"vertical-align: inherit;\"><span dir=\"auto\" style=\"vertical-align: inherit;\"> i niezawodne efekty. Z dawk\u0105 <\/span><\/span><strong><span dir=\"auto\" style=\"vertical-align: inherit;\"><span dir=\"auto\" style=\"vertical-align: inherit;\">150mcg na bibu\u0142k\u0119,<\/span><\/span><\/strong><span dir=\"auto\" style=\"vertical-align: inherit;\"><span dir=\"auto\" style=\"vertical-align: inherit;\"> Ten produkt oferuje silne, ale \u0142atwe w zarz\u0105dzaniu do\u015bwiadczenie dla do\u015bwiadczonych badaczy.<\/span><\/span><\/p>\n<p><span dir=\"auto\" style=\"vertical-align: inherit;\"><span dir=\"auto\" style=\"vertical-align: inherit;\">Bibu\u0142ki te s\u0105 produkowane z <\/span><\/span><strong><span dir=\"auto\" style=\"vertical-align: inherit;\"><span dir=\"auto\" style=\"vertical-align: inherit;\">Precyzja klasy farmaceutycznej<\/span><\/span><\/strong><span dir=\"auto\" style=\"vertical-align: inherit;\"><span dir=\"auto\" style=\"vertical-align: inherit;\"> , zapewniaj\u0105c, \u017ce ka\u017cda jednostka zawiera dok\u0142adn\u0105 dawk\u0119. Zapewnia to powtarzalne wyniki i bezpieczniejsze do\u015bwiadczenie badawcze.<\/span><\/span><\/p>\n<h2><span dir=\"auto\" style=\"vertical-align: inherit;\"><span dir=\"auto\" style=\"vertical-align: inherit;\">Idealny do zaawansowanych bada\u0144<\/span><\/span><\/h2>\n<p><span dir=\"auto\" style=\"vertical-align: inherit;\"><span dir=\"auto\" style=\"vertical-align: inherit;\">1DLSD jest cz\u0119sto badane ze wzgl\u0119du na jego <\/span><\/span><strong><span dir=\"auto\" style=\"vertical-align: inherit;\"><span dir=\"auto\" style=\"vertical-align: inherit;\">unikalne w\u0142a\u015bciwo\u015bci farmakologiczne<\/span><\/span><\/strong><span dir=\"auto\" style=\"vertical-align: inherit;\"><span dir=\"auto\" style=\"vertical-align: inherit;\"> . Naukowcy ceni\u0105 sobie <\/span><\/span><strong><span dir=\"auto\" style=\"vertical-align: inherit;\"><span dir=\"auto\" style=\"vertical-align: inherit;\">Czysto\u015b\u0107 i jako\u015b\u0107<\/span><\/span><\/strong><span dir=\"auto\" style=\"vertical-align: inherit;\"><span dir=\"auto\" style=\"vertical-align: inherit;\"> tych bibu\u0142ek, kt\u00f3re s\u0105 produkowane w \u015bci\u015ble okre\u015blonych warunkach laboratoryjnych.<\/span><\/span><\/p>\n<p><span dir=\"auto\" style=\"vertical-align: inherit;\"><span dir=\"auto\" style=\"vertical-align: inherit;\">Dla psychonaut\u00f3w, 1DLSD oferuje <\/span><\/span><strong><span dir=\"auto\" style=\"vertical-align: inherit;\"><span dir=\"auto\" style=\"vertical-align: inherit;\">g\u0142\u0119bokie i introspektywne do\u015bwiadczenie<\/span><\/span><\/strong><span dir=\"auto\" style=\"vertical-align: inherit;\"><span dir=\"auto\" style=\"vertical-align: inherit;\"> , podobny do innych lizergamid\u00f3w, ale ma sw\u00f3j odr\u0119bny charakter. The <\/span><\/span><strong><span dir=\"auto\" style=\"vertical-align: inherit;\"><span dir=\"auto\" style=\"vertical-align: inherit;\">Dawkowanie 150mcg<\/span><\/span><\/strong><span dir=\"auto\" style=\"vertical-align: inherit;\"><span dir=\"auto\" style=\"vertical-align: inherit;\"> sprawia, \u017ce produkt ten jest szczeg\u00f3lnie odpowiedni dla os\u00f3b z pewnym do\u015bwiadczeniem z substancjami psychodelicznymi.<\/span><\/span><\/p>\n<h2><span dir=\"auto\" style=\"vertical-align: inherit;\"><span dir=\"auto\" style=\"vertical-align: inherit;\">\u0141atwo\u015b\u0107 u\u017cytkowania i dyskretna konstrukcja<\/span><\/span><\/h2>\n<p><span dir=\"auto\" style=\"vertical-align: inherit;\"><span dir=\"auto\" style=\"vertical-align: inherit;\">Bibu\u0142ki s\u0105 pakowane w <\/span><\/span><strong><span dir=\"auto\" style=\"vertical-align: inherit;\"><span dir=\"auto\" style=\"vertical-align: inherit;\">Lekkie i hermetyczne opakowanie<\/span><\/span><\/strong><span dir=\"auto\" style=\"vertical-align: inherit;\"><span dir=\"auto\" style=\"vertical-align: inherit;\"> aby zapewni\u0107 ich stabilno\u015b\u0107. Ich kompaktowy rozmiar sprawia, \u017ce s\u0105 \u0142atwe do przechowywania i dyskretne w u\u017cyciu.<\/span><\/span><\/p>\n<h2><span dir=\"auto\" style=\"vertical-align: inherit;\"><span dir=\"auto\" style=\"vertical-align: inherit;\">Bezpieczne i odpowiedzialne u\u017cytkowanie<\/span><\/span><\/h2>\n<p><span dir=\"auto\" style=\"vertical-align: inherit;\"><span dir=\"auto\" style=\"vertical-align: inherit;\">1D-LSD jest przeznaczony dla <\/span><\/span><strong><span dir=\"auto\" style=\"vertical-align: inherit;\"><span dir=\"auto\" style=\"vertical-align: inherit;\">badania naukowe<\/span><\/span><\/strong><span dir=\"auto\" style=\"vertical-align: inherit;\"><span dir=\"auto\" style=\"vertical-align: inherit;\"> wy\u0142\u0105cznie i nie do spo\u017cycia przez ludzi.<\/span><\/span><\/p>\n<h3><span dir=\"auto\" style=\"vertical-align: inherit;\"><span dir=\"auto\" style=\"vertical-align: inherit;\">Wa\u017cne wytyczne<\/span><\/span><\/h3>\n<ul>\n<li><strong><span dir=\"auto\" style=\"vertical-align: inherit;\"><span dir=\"auto\" style=\"vertical-align: inherit;\">Zacznij od niskiej dawki<\/span><\/span><\/strong><span dir=\"auto\" style=\"vertical-align: inherit;\"><span dir=\"auto\" style=\"vertical-align: inherit;\"> w celu przetestowania indywidualnej wra\u017cliwo\u015bci.<\/span><\/span><\/li>\n<li><strong><span dir=\"auto\" style=\"vertical-align: inherit;\"><span dir=\"auto\" style=\"vertical-align: inherit;\">Badania nale\u017cy zawsze przeprowadza\u0107 w bezpiecznym i kontrolowanym \u015brodowisku.<\/span><\/span><\/strong><\/li>\n<li><strong><span dir=\"auto\" style=\"vertical-align: inherit;\"><span dir=\"auto\" style=\"vertical-align: inherit;\">Bibu\u0142ki nale\u017cy przechowywa\u0107 w ch\u0142odnym, suchym miejscu, niedost\u0119pnym dla dzieci.<\/span><\/span><\/strong><\/li>\n<\/ul>\n<h2><span dir=\"auto\" style=\"vertical-align: inherit;\"><span dir=\"auto\" style=\"vertical-align: inherit;\">Zam\u00f3w teraz i odkryj nowe horyzonty<\/span><\/span><\/h2>\n<p><span dir=\"auto\" style=\"vertical-align: inherit;\"><span dir=\"auto\" style=\"vertical-align: inherit;\">Niewa\u017cne, czy jeste\u015b naukowcem, czy do\u015bwiadczonym psychonaut\u0105, <\/span><\/span><strong><span dir=\"auto\" style=\"vertical-align: inherit;\"><span dir=\"auto\" style=\"vertical-align: inherit;\">Bibu\u0142ki 1D-LSD 150mcg<\/span><\/span><\/strong><span dir=\"auto\" style=\"vertical-align: inherit;\"><span dir=\"auto\" style=\"vertical-align: inherit;\"> oferuj\u0105 wyj\u0105tkow\u0105 okazj\u0119 do poznania tego niezwyk\u0142ego analogu. Zam\u00f3w ju\u017c dzi\u015b i odkryj potencja\u0142 tej zaawansowanej substancji badawczej!<\/span><\/span><\/p>\n<p><em><span dir=\"auto\" style=\"vertical-align: inherit;\"><span dir=\"auto\" style=\"vertical-align: inherit;\">Uwaga: Ten produkt s\u0142u\u017cy wy\u0142\u0105cznie do cel\u00f3w badawczych <\/span><\/span><a href=\"http:\/\/google.nl\" target=\"_blank\" rel=\"noopener\"><span dir=\"auto\" style=\"vertical-align: inherit;\"><span dir=\"auto\" style=\"vertical-align: inherit;\">oraz<\/span><\/span><\/a><span dir=\"auto\" style=\"vertical-align: inherit;\"><span dir=\"auto\" style=\"vertical-align: inherit;\"> nie jest przeznaczony do spo\u017cycia przez ludzi. Przechowywa\u0107 w miejscu niedost\u0119pnym dla dzieci i zwierz\u0105t. Przed z\u0142o\u017ceniem zam\u00f3wienia nale\u017cy zawsze zapozna\u0107 si\u0119 z lokalnymi przepisami.<\/span><\/span><\/em><\/p>\n<p><a href=\"https:\/\/purematrixchem.com\/shop\/lysergamides\/1vlsd\/\"><span dir=\"auto\" style=\"vertical-align: inherit;\"><span dir=\"auto\" style=\"vertical-align: inherit;\">1v-lsd <\/span><\/span><\/a><a href=\"https:\/\/purematrixchem.com\/shop\/lysergamides\/1cp-lsd\/\"><span dir=\"auto\" style=\"vertical-align: inherit;\"><span dir=\"auto\" style=\"vertical-align: inherit;\">1cp-lsd <\/span><\/span><\/a><a href=\"https:\/\/purematrixchem.com\/shop\/iboga-ibogaine\/iboga-root-bark\/\"><span dir=\"auto\" style=\"vertical-align: inherit;\"><span dir=\"auto\" style=\"vertical-align: inherit;\">kora korzenia iboga<\/span><\/span><\/a><a title=\"2-CMC 250mg granulki\" href=\"https:\/\/purematrixchem.com\/shop\/cathinonen\/2-cmc-kopen\/\" target=\"_blank\" rel=\"noopener\"><span style=\"vertical-align: inherit;\"><span style=\"vertical-align: inherit;\"><span dir=\"auto\" style=\"vertical-align: inherit;\"><span dir=\"auto\" style=\"vertical-align: inherit;\">2-CMC 250mg granulki\u00a0 <\/span><\/span><\/span><\/span><\/a> <a title=\"6-CL-ADBA\" href=\"https:\/\/purematrixchem.com\/shop\/lysergamides\/1vlsd\/\" target=\"_blank\" rel=\"noopener\"><span style=\"vertical-align: inherit;\"><span style=\"vertical-align: inherit;\"><span dir=\"auto\" style=\"vertical-align: inherit;\"><span dir=\"auto\" style=\"vertical-align: inherit;\">6-CL-ADBA<\/span><\/span><\/span><\/span><\/a><\/p>\n<p>&nbsp;<\/p>","protected":false},"excerpt":{"rendered":"<h2><span style=\"vertical-align: inherit;\"><span style=\"vertical-align: inherit;\"><span dir=\"auto\" style=\"vertical-align: inherit;\"><span dir=\"auto\" style=\"vertical-align: inherit;\">1D-LSD 150mcg Blotters<\/span><\/span><\/span><\/span><\/h2>\n<p><span style=\"vertical-align: inherit;\"><span style=\"vertical-align: inherit;\"><span dir=\"auto\" style=\"vertical-align: inherit;\"><span dir=\"auto\" style=\"vertical-align: inherit;\">1D-LSD to substancja, kt\u00f3r\u0105 sprzedajemy wy\u0142\u0105cznie do cel\u00f3w badawczych.<\/span><\/span><\/span><\/span><\/p>","protected":false},"featured_media":29310,"comment_status":"closed","ping_status":"closed","template":"","meta":[],"product_brand":[82],"product_cat":[362,358],"product_tag":[675,452,634,632],"class_list":{"0":"post-24075","1":"product","2":"type-product","3":"status-publish","4":"has-post-thumbnail","6":"product_brand-research-chemical","7":"product_cat-1d-lsd-225mcg-pellets","8":"product_cat-lysergamides","9":"product_tag-1dlsd","10":"product_tag-de","11":"product_tag-lsd","12":"product_tag-lsd-blotter","14":"first","15":"instock","16":"taxable","17":"shipping-taxable","18":"purchasable","19":"product-type-variable"},"_links":{"self":[{"href":"https:\/\/purematrixchem.com\/pl\/wp-json\/wp\/v2\/product\/24075","targetHints":{"allow":["GET"]}}],"collection":[{"href":"https:\/\/purematrixchem.com\/pl\/wp-json\/wp\/v2\/product"}],"about":[{"href":"https:\/\/purematrixchem.com\/pl\/wp-json\/wp\/v2\/types\/product"}],"replies":[{"embeddable":true,"href":"https:\/\/purematrixchem.com\/pl\/wp-json\/wp\/v2\/comments?post=24075"}],"wp:featuredmedia":[{"embeddable":true,"href":"https:\/\/purematrixchem.com\/pl\/wp-json\/wp\/v2\/media\/29310"}],"wp:attachment":[{"href":"https:\/\/purematrixchem.com\/pl\/wp-json\/wp\/v2\/media?parent=24075"}],"wp:term":[{"taxonomy":"product_brand","embeddable":true,"href":"https:\/\/purematrixchem.com\/pl\/wp-json\/wp\/v2\/product_brand?post=24075"},{"taxonomy":"product_cat","embeddable":true,"href":"https:\/\/purematrixchem.com\/pl\/wp-json\/wp\/v2\/product_cat?post=24075"},{"taxonomy":"product_tag","embeddable":true,"href":"https:\/\/purematrixchem.com\/pl\/wp-json\/wp\/v2\/product_tag?post=24075"}],"curies":[{"name":"wp","href":"https:\/\/api.w.org\/{rel}","templated":true}]}}