{"id":23321,"date":"2025-04-13T17:39:34","date_gmt":"2025-04-13T17:39:34","guid":{"rendered":"https:\/\/purematrixchem.com\/?post_type=product&#038;p=23321"},"modified":"2026-01-13T06:48:37","modified_gmt":"2026-01-13T05:48:37","slug":"norflurazepam","status":"publish","type":"product","link":"https:\/\/purematrixchem.com\/pl\/sklep\/benzodiazepiny\/norflurazepam\/","title":{"rendered":"Norflurazepam"},"content":{"rendered":"<h2><span data-sheets-value=\"{\" data-sheets-userformat=\"{\"><span dir=\"auto\" style=\"vertical-align: inherit;\"><span dir=\"auto\" style=\"vertical-align: inherit;\">Norflurazepam<\/span><\/span><\/span><\/h2>\n<p><strong><span dir=\"auto\" style=\"vertical-align: inherit;\"><span dir=\"auto\" style=\"vertical-align: inherit;\">Norflurazepam<\/span><\/span><\/strong><span dir=\"auto\" style=\"vertical-align: inherit;\"><span dir=\"auto\" style=\"vertical-align: inherit;\"> jest substancj\u0105 sprzedawan\u0105 wy\u0142\u0105cznie do cel\u00f3w badawczych i dlatego nie jest przeznaczona do spo\u017cycia.<\/span><\/span><\/p>\n<p><span dir=\"auto\" style=\"vertical-align: inherit;\"><span dir=\"auto\" style=\"vertical-align: inherit;\">Norflurazepam zachowuje stabilno\u015b\u0107 przez okres do 2 lat, je\u015bli jest przechowywany w odpowiednich warunkach. Norflurazepam jest przeznaczony do cel\u00f3w badawczych, a nie do spo\u017cycia. Dlatego wa\u017cne jest, aby przechowywa\u0107 produkt w miejscu niedost\u0119pnym dla dzieci i zwierz\u0105t domowych. 2C-E<\/span><\/span><\/p>\n<p><span dir=\"auto\" style=\"vertical-align: inherit;\"><span dir=\"auto\" style=\"vertical-align: inherit;\">Oferujemy wysokiej jako\u015bci chemikalia badawcze w uczciwej cenie. Twoje zam\u00f3wienie jest wysy\u0142ane w ci\u0105gu 24 godzin ka\u017cdego dnia. Zam\u00f3wienie <\/span><\/span><em><span dir=\"auto\" style=\"vertical-align: inherit;\"><span dir=\"auto\" style=\"vertical-align: inherit;\">Norflurazepam<\/span><\/span><\/em><span dir=\"auto\" style=\"vertical-align: inherit;\"><span dir=\"auto\" style=\"vertical-align: inherit;\"> bezpiecznie i szybko za naszym po\u015brednictwem!<\/span><\/span><\/p>\n<h3><span data-sheets-value=\"{\" data-sheets-userformat=\"{\"><span dir=\"auto\" style=\"vertical-align: inherit;\"><span dir=\"auto\" style=\"vertical-align: inherit;\">W\u0142a\u015bciwo\u015bci norflurazepamu<\/span><\/span><\/span><\/h3>\n<p><strong><span dir=\"auto\" style=\"vertical-align: inherit;\"><span dir=\"auto\" style=\"vertical-align: inherit;\">Synonim:<\/span><\/span><\/strong><span dir=\"auto\" style=\"vertical-align: inherit;\"><span dir=\"auto\" style=\"vertical-align: inherit;\"> Norflurazepam <\/span><\/span><br \/>\n<strong><span dir=\"auto\" style=\"vertical-align: inherit;\"><span dir=\"auto\" style=\"vertical-align: inherit;\">Numer CAS:<\/span><\/span><\/strong><span dir=\"auto\" style=\"vertical-align: inherit;\"><span dir=\"auto\" style=\"vertical-align: inherit;\"> 2886-65-9 <\/span><\/span><br \/>\n<strong><span dir=\"auto\" style=\"vertical-align: inherit;\"><span dir=\"auto\" style=\"vertical-align: inherit;\">Formu\u0142a:<\/span><\/span><\/strong><span dir=\"auto\" style=\"vertical-align: inherit;\"><span dir=\"auto\" style=\"vertical-align: inherit;\"> 7-chloro-5-(2-fluorophenyl)-1,3-dihydro-2H-1,4-benzodiazepin-2-one <\/span><\/span><br \/>\n<strong><span dir=\"auto\" style=\"vertical-align: inherit;\"><span dir=\"auto\" style=\"vertical-align: inherit;\">Masa molowa:<\/span><\/span><\/strong><span dir=\"auto\" style=\"vertical-align: inherit;\"><span dir=\"auto\" style=\"vertical-align: inherit;\"> 299,3 g\/mol <\/span><\/span><br \/>\n<strong><span dir=\"auto\" style=\"vertical-align: inherit;\"><span dir=\"auto\" style=\"vertical-align: inherit;\">Czysto\u015b\u0107:<\/span><\/span><\/strong><span dir=\"auto\" style=\"vertical-align: inherit;\"><span dir=\"auto\" style=\"vertical-align: inherit;\"> &gt;97%<\/span><\/span><\/p>\n<h3><span dir=\"auto\" style=\"vertical-align: inherit;\"><span dir=\"auto\" style=\"vertical-align: inherit;\">Co to jest norflurazepam?<\/span><\/span><\/h3>\n<p><span dir=\"auto\" style=\"vertical-align: inherit;\"><span dir=\"auto\" style=\"vertical-align: inherit;\">Norflurazepam to badana substancja chemiczna nale\u017c\u0105ca do klasy benzodiazepin. Jest to zwi\u0105zek syntetyczny, kt\u00f3ry wzbudzi\u0142 zainteresowanie badaczy ze wzgl\u0119du na jego potencjalny wp\u0142yw na o\u015brodkowy uk\u0142ad nerwowy. 3-MEO-PCP<\/span><\/span><\/p>\n<p><span dir=\"auto\" style=\"vertical-align: inherit;\"><span dir=\"auto\" style=\"vertical-align: inherit;\">Norflurazepam pochodzi z rodziny benzodiazepin, kt\u00f3re s\u0105 znane ze swoich w\u0142a\u015bciwo\u015bci uspokajaj\u0105cych, przeciwl\u0119kowych i zwiotczaj\u0105cych mi\u0119\u015bnie. Zosta\u0142 opracowany jako modyfikacja istniej\u0105cych benzodiazepin w celu zbadania r\u00f3\u017cnic w profilu farmakologicznym i potencjalnych zastosowaniach terapeutycznych.<\/span><\/span><\/p>\n<p><span dir=\"auto\" style=\"vertical-align: inherit;\"><span dir=\"auto\" style=\"vertical-align: inherit;\">Naukowcy s\u0105 szczeg\u00f3lnie zainteresowani badaniem interakcji norflurazepamu z receptorami GABA-A w m\u00f3zgu. Receptory te odgrywaj\u0105 kluczow\u0105 rol\u0119 w regulacji neuroprzeka\u017anik\u00f3w hamuj\u0105cych.<\/span><\/span><\/p>\n<p><span dir=\"auto\" style=\"vertical-align: inherit;\"><span dir=\"auto\" style=\"vertical-align: inherit;\">Rozw\u00f3j norflurazepamu jako badanej substancji chemicznej wynika z naukowej ciekawo\u015bci i ch\u0119ci lepszego zrozumienia zwi\u0105zk\u00f3w benzodiazepinowych. Prowadz\u0105c rygorystyczne badania, naukowcy d\u0105\u017c\u0105 do poszerzenia naszej wiedzy na temat wp\u0142ywu zwi\u0105zku na o\u015brodkowy uk\u0142ad nerwowy i przyczyniaj\u0105 si\u0119 do szerszego zrozumienia benzodiazepin. Kup 3-CMC (3-chlorometkatynon)<\/span><\/span><\/p>\n<h3><span dir=\"auto\" style=\"vertical-align: inherit;\"><span dir=\"auto\" style=\"vertical-align: inherit;\">Jak powsta\u0142 norflurazepam?<\/span><\/span><\/h3>\n<p><span dir=\"auto\" style=\"vertical-align: inherit;\"><span dir=\"auto\" style=\"vertical-align: inherit;\">Historia bada\u0144 chemicznych nad norflurazepamem si\u0119ga czas\u00f3w rozwoju i eksploracji benzodiazepin. Norflurazepam powsta\u0142 jako pochodna tych benzodiazepin, a naukowcy badali jego unikalne w\u0142a\u015bciwo\u015bci i potencjalne zastosowania terapeutyczne.<\/span><\/span><\/p>\n<p><span dir=\"auto\" style=\"vertical-align: inherit;\"><span dir=\"auto\" style=\"vertical-align: inherit;\">Rozw\u00f3j norflurazepamu jako badanej substancji chemicznej rozpocz\u0105\u0142 si\u0119 od syntezy i modyfikacji istniej\u0105cych zwi\u0105zk\u00f3w benzodiazepinowych. Naukowcy chcieli stworzy\u0107 wariacje w strukturze chemicznej, aby zbada\u0107 ich wp\u0142yw na o\u015brodkowy uk\u0142ad nerwowy i lepiej zrozumie\u0107 podstawowe mechanizmy dzia\u0142ania.<\/span><\/span><\/p>\n<p><span dir=\"auto\" style=\"vertical-align: inherit;\"><span dir=\"auto\" style=\"vertical-align: inherit;\">Pocz\u0105tkowe fazy bada\u0144 koncentrowa\u0142y si\u0119 na badaniach laboratoryjnych maj\u0105cych na celu okre\u015blenie profilu farmakologicznego zwi\u0105zku, w tym jego powinowactwa wi\u0105zania z okre\u015blonymi receptorami w m\u00f3zgu. W miar\u0119 post\u0119pu bada\u0144 naukowcy badali farmakokinetyk\u0119 zwi\u0105zku, badaj\u0105c wch\u0142anianie, dystrybucj\u0119, metabolizm i eliminacj\u0119 w organizmie. Informacje te zapewniaj\u0105 cenny wgl\u0105d w czas dzia\u0142ania zwi\u0105zku i potencjalne zastosowania terapeutyczne.<\/span><\/span><\/p>\n<h3><span dir=\"auto\" style=\"vertical-align: inherit;\"><span dir=\"auto\" style=\"vertical-align: inherit;\">O\u015bwiadczenie o zagro\u017ceniu<\/span><\/span><\/h3>\n<p><span dir=\"auto\" style=\"vertical-align: inherit;\"><span dir=\"auto\" style=\"vertical-align: inherit;\">Norflurazepam mo\u017ce powodowa\u0107 podra\u017cnienie dr\u00f3g oddechowych. <\/span><\/span><br \/>\n<span dir=\"auto\" style=\"vertical-align: inherit;\"><span dir=\"auto\" style=\"vertical-align: inherit;\">Norflurazepam mo\u017ce powodowa\u0107 podra\u017cnienie oczu. <\/span><\/span><br \/>\n<span dir=\"auto\" style=\"vertical-align: inherit;\"><span dir=\"auto\" style=\"vertical-align: inherit;\">Uwalnianie chemikali\u00f3w badawczych do \u015brodowiska jest zabronione.<\/span><\/span><\/p>\n<p><span dir=\"auto\" style=\"vertical-align: inherit;\"><span dir=\"auto\" style=\"vertical-align: inherit;\">Norflurazepam W OCZACH: Delikatnie p\u0142uka\u0107 oczy wod\u0105 przez pi\u0119\u0107 minut. Wyj\u0105\u0107 soczewki kontaktowe, je\u015bli to mo\u017cliwe.<\/span><\/span><\/p>\n<p><span dir=\"auto\" style=\"vertical-align: inherit;\"><span dir=\"auto\" style=\"vertical-align: inherit;\">Norflurazepam W KONTAKCIE ZE SK\u00d3R\u0104: Umy\u0107 sk\u00f3r\u0119 wod\u0105 z myd\u0142em.<\/span><\/span><\/p>\n<p><span dir=\"auto\" style=\"vertical-align: inherit;\"><span dir=\"auto\" style=\"vertical-align: inherit;\">W PRZYPADKU WDYCHANIA Norflurazepamu: Wyprowadzi\u0107 poszkodowanego na \u015bwie\u017ce powietrze i u\u0142o\u017cy\u0107 w pozycji umo\u017cliwiaj\u0105cej swobodne oddychanie.<\/span><\/span><\/p>","protected":false},"excerpt":{"rendered":"<h3><span data-sheets-value=\"{\" data-sheets-userformat=\"{\"><span dir=\"auto\" style=\"vertical-align: inherit;\"><span dir=\"auto\" style=\"vertical-align: inherit;\">W\u0142a\u015bciwo\u015bci norflurazepamu<\/span><\/span><\/span><\/h3>\n<p><strong><span dir=\"auto\" style=\"vertical-align: inherit;\"><span dir=\"auto\" style=\"vertical-align: inherit;\">Synonim:<\/span><\/span><\/strong><span dir=\"auto\" style=\"vertical-align: inherit;\"><span dir=\"auto\" style=\"vertical-align: inherit;\"> Norflurazepam <\/span><\/span><br \/>\n<strong><span dir=\"auto\" style=\"vertical-align: inherit;\"><span dir=\"auto\" style=\"vertical-align: inherit;\">Numer CAS:<\/span><\/span><\/strong><span dir=\"auto\" style=\"vertical-align: inherit;\"><span dir=\"auto\" style=\"vertical-align: inherit;\"> 2886-65-9 <\/span><\/span><br \/>\n<strong><span dir=\"auto\" style=\"vertical-align: inherit;\"><span dir=\"auto\" style=\"vertical-align: inherit;\">Formu\u0142a:<\/span><\/span><\/strong><span dir=\"auto\" style=\"vertical-align: inherit;\"><span dir=\"auto\" style=\"vertical-align: inherit;\"> 7-chloro-5-(2-fluorophenyl)-1,3-dihydro-2H-1,4-benzodiazepin-2-one <\/span><\/span><br \/>\n<strong><span dir=\"auto\" style=\"vertical-align: inherit;\"><span dir=\"auto\" style=\"vertical-align: inherit;\">Masa molowa:<\/span><\/span><\/strong><span dir=\"auto\" style=\"vertical-align: inherit;\"><span dir=\"auto\" style=\"vertical-align: inherit;\"> 299,3 g\/mol <\/span><\/span><br \/>\n<strong><span dir=\"auto\" style=\"vertical-align: inherit;\"><span dir=\"auto\" style=\"vertical-align: inherit;\">Czysto\u015b\u0107:<\/span><\/span><\/strong><span dir=\"auto\" style=\"vertical-align: inherit;\"><span dir=\"auto\" style=\"vertical-align: inherit;\"> &gt;97%<\/span><\/span><\/p>","protected":false},"featured_media":29400,"comment_status":"closed","ping_status":"closed","template":"","meta":[],"product_brand":[82],"product_cat":[76,388],"product_tag":[326],"class_list":{"0":"post-23321","1":"product","2":"type-product","3":"status-publish","4":"has-post-thumbnail","6":"product_brand-research-chemical","7":"product_cat-benzodiazepinen","8":"product_cat-norflurazepam","9":"product_tag-nl","11":"first","12":"instock","13":"taxable","14":"shipping-taxable","15":"purchasable","16":"product-type-variable"},"_links":{"self":[{"href":"https:\/\/purematrixchem.com\/pl\/wp-json\/wp\/v2\/product\/23321","targetHints":{"allow":["GET"]}}],"collection":[{"href":"https:\/\/purematrixchem.com\/pl\/wp-json\/wp\/v2\/product"}],"about":[{"href":"https:\/\/purematrixchem.com\/pl\/wp-json\/wp\/v2\/types\/product"}],"replies":[{"embeddable":true,"href":"https:\/\/purematrixchem.com\/pl\/wp-json\/wp\/v2\/comments?post=23321"}],"wp:featuredmedia":[{"embeddable":true,"href":"https:\/\/purematrixchem.com\/pl\/wp-json\/wp\/v2\/media\/29400"}],"wp:attachment":[{"href":"https:\/\/purematrixchem.com\/pl\/wp-json\/wp\/v2\/media?parent=23321"}],"wp:term":[{"taxonomy":"product_brand","embeddable":true,"href":"https:\/\/purematrixchem.com\/pl\/wp-json\/wp\/v2\/product_brand?post=23321"},{"taxonomy":"product_cat","embeddable":true,"href":"https:\/\/purematrixchem.com\/pl\/wp-json\/wp\/v2\/product_cat?post=23321"},{"taxonomy":"product_tag","embeddable":true,"href":"https:\/\/purematrixchem.com\/pl\/wp-json\/wp\/v2\/product_tag?post=23321"}],"curies":[{"name":"wp","href":"https:\/\/api.w.org\/{rel}","templated":true}]}}