{"id":26132,"date":"2025-05-01T01:31:17","date_gmt":"2025-05-01T01:31:17","guid":{"rendered":"https:\/\/purematrixchem.com\/?post_type=product&#038;p=26132"},"modified":"2025-12-07T16:31:18","modified_gmt":"2025-12-07T15:31:18","slug":"acquistare-ibogaina-cloridrato-online","status":"publish","type":"product","link":"https:\/\/purematrixchem.com\/it\/negozio\/iboga-ibogaina\/acquistare-ibogaina-cloridrato-online\/","title":{"rendered":"Comprare Ibogaine HCL"},"content":{"rendered":"<h2>Comprare Ibogaine HCL<\/h2>\n<div class=\"sm-table-layout__cell sm-table-layout__cell_align_left sm-table-layout__cell_fixed-cell_phrase\" role=\"cell\" data-testid=\"table-cell-keyword\">\n<div class=\"sm-cell-phrase\"><span class=\"___SText_anxqe-kmt_\" data-ui-name=\"Link.Text\">acquistare ibogaina hcl online, <\/span>Comprare Ibogaina HCL, L'ibogaina \u00e8 la sostanza chimica attiva contenuta nella radice africana di Tabernanthe iboga che elimina i segni fisici di astinenza e interrompe il comportamento di desiderio di droga una volta per tutte. \u00c8 stato dimostrato che l'Ibogaina HCL \u00e8 la pianta erbacea pi\u00f9 influente per curare le dipendenze. Se applicata correttamente, i risultati sono efficaci al 100%. Offriamo l'Iboga preconfezionata in capsule, per facilitare il dosaggio e l'assunzione.<\/div>\n<\/div>\n<p>Estratto dalla corteccia della radice di Tabernanthe Iboga. Nel secondo strato della corteccia di Iboga sono contenuti circa 12 diversi alcaloidi. I tre alcaloidi pi\u00f9 importanti che vengono estratti sono l'Ibogaina, l'Ibogamina e l'Ibogalina. L'Ibogaina HCL, un composto chimico dell'Ibogaina, \u00e8 utilizzata nel trattamento delle dipendenze. L'Ibogaina HCL \u00e8 un composto naturale estratto dall'arbusto Tabernanthe iboga, originario dell'Africa. Viene utilizzato per eliminare le tossine (come gli oppiacei e altre droghe) dall'organismo e contribuire a ridurre drasticamente i fastidiosi sintomi associati all'astinenza fisica da sostanze.<\/p>\n<p>L'Ibogaina HCL \u00e8 il terzo grado dell'Ibogaina ed \u00e8 pi\u00f9 spesso utilizzata come terapia delle dipendenze. Viene sottoposta a un distinto processo di purificazione con HCL che rimuove diverse impurit\u00e0 e altre sostanze. Inoltre, l'Ibogaina HCL contiene circa l'85-99% di Ibogaina pura.<\/p>\n<h2>Ibogaina HCL in vendita<\/h2>\n<p>In genere, l'Ibogaina HCL viene utilizzata in ambito medico sotto la supervisione di medici e infermieri certificati e professionalmente preparati. \u00c8 utile per aiutare una persona che lotta contro l'abuso di sostanze a gestire i sintomi dell'astinenza da droga o alcol. L'Ibogaina HCL \u00e8 usata per trattare i sintomi dell'astinenza da droghe lavorando in sinergia con i neuroni e i siti recettoriali specifici presenti nel cervello e nel sistema nervoso centrale.<\/p>\n<p>Quando una persona si sottopone all'astinenza con l'Ibogaina HCL, i sintomi dell'astinenza permangono. Tuttavia, essi sono di solito avvertiti in misura minore rispetto a quelli avvertiti in assenza di trattamento. Gli effetti del trattamento con Ibogaina HCL possono durare dalle 15 alle 36 ore, a seconda delle caratteristiche specifiche del paziente.<a href=\"https:\/\/purematrixchem.com\/shop\/cathinonen\/2-cmc-kopen\/\">2-CMC 250 mg in pellet<\/a><a href=\"https:\/\/purematrixchem.com\/shop\/bijna-verboden\/6-cl-adba\/\">6-CL-ADBA<\/a><a href=\"https:\/\/purematrixchem.com\/shop\/lysergamides\/1v-lsd-150-mcg-blotters\/\">1V-LSD 150 MCG Blotter<\/a><a href=\"https:\/\/purematrixchem.com\/shop\/pellets\/o-dsmt-50mg-pellets\/\">O-DSMT 50 mg Pellet<\/a><a href=\"https:\/\/purematrixchem.com\/shop\/lysergamides\/1cp-lsd-150-mcg\/\">1cP-LSD 150 MCG Art Blotter<\/a><\/p>","protected":false},"excerpt":{"rendered":"<p>Buy Ibogaine HCL buy ibogaine hcl online, Buy Ibogaine HCL, Ibogaine is the active chemical found in the African Tabernanthe iboga root that clears physical withdrawal signs and interrupts drug craving behaviour once and for all. Ibogaine HCL has been proven to be the most influential herbal plant to cure addictions. When correctly applied, the [&hellip;]<\/p>\n","protected":false},"featured_media":29152,"comment_status":"closed","ping_status":"closed","template":"","meta":[],"product_brand":[82],"product_cat":[908],"product_tag":[913],"class_list":{"0":"post-26132","1":"product","2":"type-product","3":"status-publish","4":"has-post-thumbnail","6":"product_brand-research-chemical","7":"product_cat-iboga-ibogaine","8":"product_tag-buy-ibogaine-hcl-online","10":"first","11":"instock","12":"taxable","13":"shipping-taxable","14":"purchasable","15":"product-type-variable"},"_links":{"self":[{"href":"https:\/\/purematrixchem.com\/it\/wp-json\/wp\/v2\/product\/26132","targetHints":{"allow":["GET"]}}],"collection":[{"href":"https:\/\/purematrixchem.com\/it\/wp-json\/wp\/v2\/product"}],"about":[{"href":"https:\/\/purematrixchem.com\/it\/wp-json\/wp\/v2\/types\/product"}],"replies":[{"embeddable":true,"href":"https:\/\/purematrixchem.com\/it\/wp-json\/wp\/v2\/comments?post=26132"}],"wp:featuredmedia":[{"embeddable":true,"href":"https:\/\/purematrixchem.com\/it\/wp-json\/wp\/v2\/media\/29152"}],"wp:attachment":[{"href":"https:\/\/purematrixchem.com\/it\/wp-json\/wp\/v2\/media?parent=26132"}],"wp:term":[{"taxonomy":"product_brand","embeddable":true,"href":"https:\/\/purematrixchem.com\/it\/wp-json\/wp\/v2\/product_brand?post=26132"},{"taxonomy":"product_cat","embeddable":true,"href":"https:\/\/purematrixchem.com\/it\/wp-json\/wp\/v2\/product_cat?post=26132"},{"taxonomy":"product_tag","embeddable":true,"href":"https:\/\/purematrixchem.com\/it\/wp-json\/wp\/v2\/product_tag?post=26132"}],"curies":[{"name":"wp","href":"https:\/\/api.w.org\/{rel}","templated":true}]}}