{"id":26126,"date":"2025-05-01T01:31:17","date_gmt":"2025-05-01T01:31:17","guid":{"rendered":"https:\/\/purematrixchem.com\/?post_type=product&#038;p=26126"},"modified":"2025-12-16T16:45:36","modified_gmt":"2025-12-16T15:45:36","slug":"buy-iboga-ta","status":"publish","type":"product","link":"https:\/\/purematrixchem.com\/it\/negozio\/iboga-ibogaina\/buy-iboga-ta\/","title":{"rendered":"Comprare Iboga TA"},"content":{"rendered":"<p class=\"ds-markdown-paragraph\"><strong>Koop Iboga TA (Buy Iboga TA)<\/strong><\/p>\n<p class=\"ds-markdown-paragraph\">Koop Iboga TA. TA staat voor &#8220;total alkaloid&#8221; (totaal alkalo\u00efde). Iboga TA is een extract dat alle alkalo\u00efden bevat die aanwezig zijn in iboga wortelbast. De alkalo\u00efden kunnen relatief eenvoudig uit de wortelbast worden ge\u00ebxtraheerd via een zuur\/base-extractie. Koop iboga online.<\/p>\n<p class=\"ds-markdown-paragraph\">Wetenschappelijk onderzoek toont een drastische vermindering van ontwenningsverschijnselen na inname van Iboga wortelbast of de extracten die bekend staan als HCL en TA, tot het punt dat de verslaving bijna volledig wordt doorbroken. Onderzoek toont aan dat 90% van de uitgevoerde behandelingen succesvol is en dat pati\u00ebnten zelfs maanden na de behandeling geen drang hebben om terug te vallen. Naast het doorbreken van verslaving, geeft het de pati\u00ebnten helderheid en inzichten in hun eigen leven.<\/p>\n<p class=\"ds-markdown-paragraph\">Wij verzorgen de verzending en verpakking van ibogapoeder met professionaliteit om een 100% succesvolle levering te garanderen. Wij bieden deskundige services aan onze respectievelijke bestemmingen en er kunnen handleidingen over het gebruik, dosering en andere essenti\u00eble gegevens verstrekt worden op basis van uw verzoek en navraag.<\/p>","protected":false},"excerpt":{"rendered":"<p>Koop Iboga TA (Buy Iboga TA) Koop Iboga TA. TA staat voor &#8220;total alkaloid&#8221; (totaal alkalo\u00efde). Iboga TA is een extract dat alle alkalo\u00efden bevat die aanwezig zijn in iboga wortelbast. De alkalo\u00efden kunnen relatief eenvoudig uit de wortelbast worden ge\u00ebxtraheerd via een zuur\/base-extractie. Koop iboga online. Wetenschappelijk onderzoek toont een drastische vermindering van ontwenningsverschijnselen [&hellip;]<\/p>\n","protected":false},"featured_media":29151,"comment_status":"closed","ping_status":"closed","template":"","meta":[],"product_brand":[82],"product_cat":[908],"product_tag":[],"class_list":{"0":"post-26126","1":"product","2":"type-product","3":"status-publish","4":"has-post-thumbnail","6":"product_brand-research-chemical","7":"product_cat-iboga-ibogaine","9":"first","10":"instock","11":"taxable","12":"shipping-taxable","13":"purchasable","14":"product-type-variable"},"_links":{"self":[{"href":"https:\/\/purematrixchem.com\/it\/wp-json\/wp\/v2\/product\/26126","targetHints":{"allow":["GET"]}}],"collection":[{"href":"https:\/\/purematrixchem.com\/it\/wp-json\/wp\/v2\/product"}],"about":[{"href":"https:\/\/purematrixchem.com\/it\/wp-json\/wp\/v2\/types\/product"}],"replies":[{"embeddable":true,"href":"https:\/\/purematrixchem.com\/it\/wp-json\/wp\/v2\/comments?post=26126"}],"wp:featuredmedia":[{"embeddable":true,"href":"https:\/\/purematrixchem.com\/it\/wp-json\/wp\/v2\/media\/29151"}],"wp:attachment":[{"href":"https:\/\/purematrixchem.com\/it\/wp-json\/wp\/v2\/media?parent=26126"}],"wp:term":[{"taxonomy":"product_brand","embeddable":true,"href":"https:\/\/purematrixchem.com\/it\/wp-json\/wp\/v2\/product_brand?post=26126"},{"taxonomy":"product_cat","embeddable":true,"href":"https:\/\/purematrixchem.com\/it\/wp-json\/wp\/v2\/product_cat?post=26126"},{"taxonomy":"product_tag","embeddable":true,"href":"https:\/\/purematrixchem.com\/it\/wp-json\/wp\/v2\/product_tag?post=26126"}],"curies":[{"name":"wp","href":"https:\/\/api.w.org\/{rel}","templated":true}]}}