{"id":23975,"date":"2025-04-13T17:40:48","date_gmt":"2025-04-13T17:40:48","guid":{"rendered":"https:\/\/purematrixchem.com\/?post_type=product&#038;p=23975"},"modified":"2026-01-14T10:03:45","modified_gmt":"2026-01-14T09:03:45","slug":"2-pellet-mmc","status":"publish","type":"product","link":"https:\/\/purematrixchem.com\/it\/negozio\/2-mmc-2-metilmetcatinone\/2-pellet-mmc\/","title":{"rendered":"2-MMC 220 mg in pellet"},"content":{"rendered":"<h2><strong>2-MMC <\/strong><strong>pellet, <\/strong><strong>Pellet da 220 mg<\/strong><\/h2>\n<p>Questi pellet contengono 220 MG 2-MMC per pezzo.<\/p>\n<p>Il pellet 2-MMC \u00e8 un prodotto che noi utilizziamo solo per la ricerca e non \u00e8 quindi adatto al consumo. Il 2-MMC pu\u00f2 essere oggetto di ricerca da 2 anni a questa parte, se \u00e8 stato considerato nel suo contesto attuale.<a title=\"MEAI\" href=\"https:\/\/purematrixchem.com\/shop\/overig\/meai\/\" target=\"_blank\" rel=\"noopener\">MEAI<\/a><\/p>\n<p>Dato che la 2-MMC \u00e8 solo per i bambini e non per il consumo, \u00e8 importante che la 2-MMC sia utilizzata per il consumo dei bambini e delle famiglie.<a title=\"6-CL-ADBA\" href=\"https:\/\/purematrixchem.com\/shop\/bijna-verboden\/6-cl-adba\/\" target=\"_blank\" rel=\"noopener\">6-CL-ADBA<\/a><\/p>\n<p>Offriamo prodotti chimici di ricerca di ottima qualit\u00e0 a prezzi molto vantaggiosi. I nostri prodotti sono disponibili ogni giorno entro 24 ore. Da allora, la fornitura di 2-MMC \u00e8 trasparente e veloce.<a title=\"2C-EF 2mg Capsule\" href=\"https:\/\/purematrixchem.com\/shop\/fenethylamine\/2c-ef-2mg-capsules\/\" target=\"_blank\" rel=\"noopener\">2C-EF 2mg Capsule<\/a><\/p>\n<h2>2-MMC eigenschappen<\/h2>\n<p><strong>Numero CAS<\/strong>: 1246911-71-6<br \/>\n<strong>Modulo<\/strong>: C11h15NO - HCL<br \/>\n<strong>Molmassa<\/strong>: 177.247<br \/>\n<strong>Zuiverheid<\/strong>: \u226599%<\/p>\n<h3>Gestione del traffico di merci<\/h3>\n<p>2-MMC pu\u00f2 provocare irritazioni a lungo termine<br \/>\n2-MMC pu\u00f2 causare irritazioni agli occhi.<br \/>\nLa ricerca sulle sostanze chimiche nell'ambiente \u00e8 fondamentale.<a title=\"6-CL-ADBA\" href=\"https:\/\/purematrixchem.com\/shop\/bijna-verboden\/6-cl-adba\/\" target=\"_blank\" rel=\"noopener\">6-CL-ADBA<\/a><\/p>\n<p>2-MMC IN CONTATTO CON L'OGEN: avvicinare l'ogen all'acqua per circa un paio di minuti. Verificare le condizioni di contatto se non \u00e8 possibile.<\/p>\n<p>2-MMC IN CONTATTO CON L'UMIDO: l'umido ha incontrato l'acqua e lo zelo.<\/p>\n<p>NA INADEMING VAN 2-MMC: chiudere l'offerta di lavoro <a href=\"http:\/\/google.nl\" target=\"_blank\" rel=\"noopener\">in<\/a> di frisse buitenlucht e far riposare l'offerta di frittura in un'area in cui l'aggiunta sia possibile.<\/p>","protected":false},"excerpt":{"rendered":"<h2>2-MMC eigenschappen<\/h2>\n<p><strong>Numero CAS<\/strong>: 1246911-71-6<br \/>\n<strong>Modulo<\/strong>: C11h15NO - HCL<br \/>\n<strong>Molmassa<\/strong>: 177.247<br \/>\n<strong>Zuiverheid<\/strong>: \u226599%<\/p>","protected":false},"featured_media":29328,"comment_status":"closed","ping_status":"closed","template":"","meta":[],"product_brand":[82],"product_cat":[372,463,322,79,324],"product_tag":[83,679,652,678,326],"class_list":{"0":"post-23975","1":"product","2":"type-product","3":"status-publish","4":"has-post-thumbnail","6":"product_brand-research-chemical","7":"product_cat-2-mmc-kopen","8":"product_cat-2-mmc-pellets","9":"product_cat-bijna-verboden","10":"product_cat-cathinonen","11":"product_cat-pellets-for-pellet","12":"product_tag-2-mmc-kopen","13":"product_tag-2-mmc-pellets","14":"product_tag-2-mmc-pellets-kopen","15":"product_tag-2mmc-pellets","16":"product_tag-nl","18":"first","19":"instock","20":"taxable","21":"shipping-taxable","22":"purchasable","23":"product-type-variable"},"_links":{"self":[{"href":"https:\/\/purematrixchem.com\/it\/wp-json\/wp\/v2\/product\/23975","targetHints":{"allow":["GET"]}}],"collection":[{"href":"https:\/\/purematrixchem.com\/it\/wp-json\/wp\/v2\/product"}],"about":[{"href":"https:\/\/purematrixchem.com\/it\/wp-json\/wp\/v2\/types\/product"}],"replies":[{"embeddable":true,"href":"https:\/\/purematrixchem.com\/it\/wp-json\/wp\/v2\/comments?post=23975"}],"wp:featuredmedia":[{"embeddable":true,"href":"https:\/\/purematrixchem.com\/it\/wp-json\/wp\/v2\/media\/29328"}],"wp:attachment":[{"href":"https:\/\/purematrixchem.com\/it\/wp-json\/wp\/v2\/media?parent=23975"}],"wp:term":[{"taxonomy":"product_brand","embeddable":true,"href":"https:\/\/purematrixchem.com\/it\/wp-json\/wp\/v2\/product_brand?post=23975"},{"taxonomy":"product_cat","embeddable":true,"href":"https:\/\/purematrixchem.com\/it\/wp-json\/wp\/v2\/product_cat?post=23975"},{"taxonomy":"product_tag","embeddable":true,"href":"https:\/\/purematrixchem.com\/it\/wp-json\/wp\/v2\/product_tag?post=23975"}],"curies":[{"name":"wp","href":"https:\/\/api.w.org\/{rel}","templated":true}]}}