{"id":23553,"date":"2025-04-13T17:39:57","date_gmt":"2025-04-13T17:39:57","guid":{"rendered":"https:\/\/purematrixchem.com\/?post_type=product&#038;p=23553"},"modified":"2025-12-02T10:37:47","modified_gmt":"2025-12-02T09:37:47","slug":"1b-lsd-l-tartrato-puro","status":"publish","type":"product","link":"https:\/\/purematrixchem.com\/it\/negozio\/1b-di-lsd\/1b-lsd-l-tartrato-puro\/","title":{"rendered":"1B-LSD L-tartrato Puur"},"content":{"rendered":"<h1><strong>1B-LSD L-tartraat Puur - Hoogwaardige Lysergamide voor Wetenschappelijk Onderzoek<\/strong><\/h1>\n<p><strong>Prodotto:<\/strong> 1B-LSD L-tartraat<br \/>\n<strong>Chemische Naam:<\/strong> 1-Butanoil-acido lisergico dietilamide L-tartarato<br \/>\n<strong>Modulo:<\/strong> C23H29N3O2 - C4H6O6<br \/>\n<strong>Moleculair Gewicht:<\/strong> 495,57 g\/mol<br \/>\n<strong>Vorm:<\/strong> Con un caricatore di cristalli<br \/>\n<strong>Zuiverheid:<\/strong> \u226599% (HPLC-gecertificeerd)<br \/>\n<strong>Tipo:<\/strong> Grado di ricerca - Niet voor menselijke consumptie<\/p>\n<hr \/>\n<h2><strong>Che cos'\u00e8 1B-LSD L-tartraat?<\/strong><\/h2>\n<p>L'1B-LSD (1-Butanoyl-LSD) \u00e8 una lisergamide semisintetica che si discosta chimicamente dall'LSD e da altri analoghi come l'1P-LSD e l'1cP-LSD. L'individuazione di un butanoilgroep si traduce in un legame che \u00e8 noto per la presenza di un <strong>produttore di macchinari<\/strong>: in biologische systemen wordt 1B-LSD naar verwachting deels omgezet in LSD.<\/p>\n<p>De <strong>L-tartraatzoutvorm<\/strong> offre un'ottima stabilit\u00e0, un funzionamento sicuro e un'ottima funzionalit\u00e0 per le analisi.<\/p>\n<hr \/>\n<h2><strong>Passaggio della 1B-LSD in un contesto oneroso<\/strong><\/h2>\n<ul>\n<li><strong>Un'analisi farmacodinamica:<\/strong> Studio delle interazioni con i recettori serotoninergici (vooral 5-HT2A).<\/li>\n<li><strong>Un'analisi neurochimica di tipo Vergelijkend:<\/strong> Vergelijking met LSD, 1P-LSD en andere analogen.<\/li>\n<li><strong>Screening della bioattivit\u00e0 in vitro e in vivo<\/strong> (anche in caso di installazioni personalizzate).<\/li>\n<li><strong>Analisi dei farmaci:<\/strong> Analisi dei percorsi di omissione delle lisergamidi nei sistemi biologici.<\/li>\n<\/ul>\n<blockquote><p>\u26a0\ufe0f <strong>Lasciate che op:<\/strong> Il prodotto \u00e8 utilizzabile per le indagini medico-legali e forensi. Non va consumato e non va applicato a persone\/dipendenti.<\/p><\/blockquote>\n<hr \/>\n<h2><strong>Informazioni per i dipendenti<\/strong><\/h2>\n<p>Hoge chemische stabiliteit in L-tartraatzoutvorm<br \/>\nI farmaci hanno un ruolo importante nel metabolismo delle lisergamidi.<br \/>\n\u2714 Consistente zuiverheid van \u226599% (HPLC-bevestigd)<br \/>\n\u00c8 facile da usare in etanolo e in altri liquidi analitici.<\/p>\n<hr \/>\n<h2><strong>Mogelijke Nadelen \/ Beperkingen<\/strong><\/h2>\n<ul>\n<li>Lo status giuridico pu\u00f2 variare a seconda del territorio o della regione.<\/li>\n<li>Le migliori conoscenze linguistiche sulla tossicologia<\/li>\n<li>Pu\u00f2 essere spezzato da un'esplosione di luce, calore o luce.<\/li>\n<li>Vereist opslag in gecontroleerde omstandigheden<\/li>\n<\/ul>\n<hr \/>\n<h2><strong>Notizie sui laboratori<\/strong><\/h2>\n<table>\n<thead>\n<tr>\n<th>Kenmerk<\/th>\n<th>Specifiche<\/th>\n<\/tr>\n<\/thead>\n<tbody>\n<tr>\n<td>Zuiverheid<\/td>\n<td>\u226599% HPLC<\/td>\n<\/tr>\n<tr>\n<td>Smeltpunt<\/td>\n<td>192-196 \u00b0C<\/td>\n<\/tr>\n<tr>\n<td>Oplosbaarheid<\/td>\n<td>Ottimo in etanolo e acetone<\/td>\n<\/tr>\n<tr>\n<td>Opslagadvies<\/td>\n<td>2-8\u00b0C, con un'ottima temperatura di esercizio.<\/td>\n<\/tr>\n<tr>\n<td>Codice lotto<\/td>\n<td>1BLSD-LT0625<\/td>\n<\/tr>\n<tr>\n<td>Analizzato<\/td>\n<td>18 giugno 2025<\/td>\n<\/tr>\n<\/tbody>\n<\/table>\n<hr \/>\n<h2><strong>Gebruiksscenario (Laboratorium)<\/strong><\/h2>\n<table>\n<thead>\n<tr>\n<th>Tipo di passaggio<\/th>\n<th>Concentrazioni<\/th>\n<th>Metodo<\/th>\n<th>Doel<\/th>\n<\/tr>\n<\/thead>\n<tbody>\n<tr>\n<td>In vitro<\/td>\n<td>1-10 \u00b5M<\/td>\n<td>Oplossen in DMSO<\/td>\n<td>Studi sul legame con i recettori<\/td>\n<\/tr>\n<tr>\n<td>In vivo (indiretto)<\/td>\n<td>n.v.t.<\/td>\n<td>Alleen toegestaan onder vergunning<\/td>\n<td>Conversione di farmaci<\/td>\n<\/tr>\n<\/tbody>\n<\/table>\n<hr \/>\n<h2><strong>Domande frequenti (FAQ)<\/strong><\/h2>\n<h3>\u2753 Qual \u00e8 la differenza tra 1B-LSD e LSD?<\/h3>\n<p>La 1B-LSD \u00e8 stata creata come prodotto dell'LSD. Nei sistemi biologici pu\u00f2 essere trasformato in LSD, il che \u00e8 molto interessante per il metabolismo.<\/p>\n<h3>\u2753 La 1B-LSD \u00e8 legale in Olanda o in Belgio?<\/h3>\n<p>1B-LSD vale solo per l'alimentazione analogica. Controllare l'alta gamma di impianti di bagnatura nella propria regione per l'importazione o l'esportazione.<\/p>\n<h3>Waarom L-tartraat in plaats van vrije base?<\/h3>\n<p>La forma a L \u00e8 pi\u00f9 stabile dal punto di vista chimico, pi\u00f9 facile da usare e meglio gestibile per un lungo periodo.<\/p>\n<h3>\u00c8 possibile utilizzare questo prodotto per il consumo maschile?<\/h3>\n<p>Nee. 1B-LSD L-tartraat \u00e8 utilizzabile in laboratorio. L'assunzione \u00e8 di dieci verboden forti.<\/p>\n<hr \/>\n<h2><strong>Samenvatting<\/strong><\/h2>\n<p><strong>1B-LSD L-tartraat<\/strong> offre ai ricercatori un'opportunit\u00e0 unica per studiare la lisergamide-analogena in una forma sana, stabile e naturale. Questa formulazione combina le potenzialit\u00e0 farmacologiche con le caratteristiche di laboratorio, ed \u00e8 stata concepita per un'analisi neurochimica e recettoriale.<\/p>","protected":false},"excerpt":{"rendered":"<h3><span style=\"vertical-align: inherit;\"><span style=\"vertical-align: inherit;\">Propriet\u00e0 dell'1B-LSD L-tartrato<\/span><\/span><\/h3>\n<p><strong><span style=\"vertical-align: inherit;\"><span style=\"vertical-align: inherit;\">Sinonimo:<\/span><\/span><\/strong><span style=\"vertical-align: inherit;\"><span style=\"vertical-align: inherit;\"> 1-butanoil-acido lisergico dietilammide emi-L-tartrato, BLSD <\/span><\/span><br \/>\n<strong><span style=\"vertical-align: inherit;\"><span style=\"vertical-align: inherit;\">Numero CAS:<\/span><\/span><\/strong><span style=\"vertical-align: inherit;\"><span style=\"vertical-align: inherit;\"> 2349376-12-9 <\/span><\/span><br \/>\n<strong><span style=\"vertical-align: inherit;\"><span style=\"vertical-align: inherit;\">Formula:<\/span><\/span><\/strong><span style=\"vertical-align: inherit;\"><span style=\"vertical-align: inherit;\"> (8\u03b2)-1-butanoil-N,N-dietil-6-metil-9,10-dideidroergolina-8-carbossamide emi-L-tartrato <\/span><\/span><br \/>\n<strong><span style=\"vertical-align: inherit;\"><span style=\"vertical-align: inherit;\">Massa molare:<\/span><\/span><\/strong><span style=\"vertical-align: inherit;\"><span style=\"vertical-align: inherit;\"> 468,5 g\/mol <\/span><\/span><br \/>\n<strong><span style=\"vertical-align: inherit;\"><span style=\"vertical-align: inherit;\">Purezza:<\/span><\/span><\/strong><span style=\"vertical-align: inherit;\"><span style=\"vertical-align: inherit;\"> &gt;97%<\/span><\/span><\/p>","protected":false},"featured_media":29466,"comment_status":"closed","ping_status":"closed","template":"","meta":[],"product_brand":[82],"product_cat":[530,358],"product_tag":[326],"class_list":{"0":"post-23553","1":"product","2":"type-product","3":"status-publish","4":"has-post-thumbnail","6":"product_brand-research-chemical","7":"product_cat-1b-lsd","8":"product_cat-lysergamides","9":"product_tag-nl","11":"first","12":"instock","13":"taxable","14":"shipping-taxable","15":"purchasable","16":"product-type-variable"},"_links":{"self":[{"href":"https:\/\/purematrixchem.com\/it\/wp-json\/wp\/v2\/product\/23553","targetHints":{"allow":["GET"]}}],"collection":[{"href":"https:\/\/purematrixchem.com\/it\/wp-json\/wp\/v2\/product"}],"about":[{"href":"https:\/\/purematrixchem.com\/it\/wp-json\/wp\/v2\/types\/product"}],"replies":[{"embeddable":true,"href":"https:\/\/purematrixchem.com\/it\/wp-json\/wp\/v2\/comments?post=23553"}],"wp:featuredmedia":[{"embeddable":true,"href":"https:\/\/purematrixchem.com\/it\/wp-json\/wp\/v2\/media\/29466"}],"wp:attachment":[{"href":"https:\/\/purematrixchem.com\/it\/wp-json\/wp\/v2\/media?parent=23553"}],"wp:term":[{"taxonomy":"product_brand","embeddable":true,"href":"https:\/\/purematrixchem.com\/it\/wp-json\/wp\/v2\/product_brand?post=23553"},{"taxonomy":"product_cat","embeddable":true,"href":"https:\/\/purematrixchem.com\/it\/wp-json\/wp\/v2\/product_cat?post=23553"},{"taxonomy":"product_tag","embeddable":true,"href":"https:\/\/purematrixchem.com\/it\/wp-json\/wp\/v2\/product_tag?post=23553"}],"curies":[{"name":"wp","href":"https:\/\/api.w.org\/{rel}","templated":true}]}}