{"id":24013,"date":"2025-04-13T17:40:52","date_gmt":"2025-04-13T17:40:52","guid":{"rendered":"https:\/\/purematrixchem.com\/?post_type=product&#038;p=24013"},"modified":"2026-01-15T13:06:08","modified_gmt":"2026-01-15T12:06:08","slug":"granules-de-bromazolam-25-mg","status":"publish","type":"product","link":"https:\/\/purematrixchem.com\/fr\/boutique\/benzodiazepines\/granules-de-bromazolam-25-mg\/","title":{"rendered":"Bromazolam 2,5 MG Comprim\u00e9s"},"content":{"rendered":"<h1><strong><span dir=\"auto\" style=\"vertical-align: inherit;\"><span dir=\"auto\" style=\"vertical-align: inherit;\">Acheter Bromazolam 2.5 MG Pellets<\/span><\/span><\/strong><\/h1>\n<p class=\"ds-markdown-paragraph\"><strong><span dir=\"auto\" style=\"vertical-align: inherit;\"><span dir=\"auto\" style=\"vertical-align: inherit;\">Introduction :<\/span><\/span><\/strong><br \/>\n<span dir=\"auto\" style=\"vertical-align: inherit;\"><span dir=\"auto\" style=\"vertical-align: inherit;\"> Buy Bromazolam 2.5 MG Pellets est un produit chimique de recherche de haute qualit\u00e9 con\u00e7u \u00e0 des fins scientifiques et analytiques. Ces pastilles offrent un dosage pr\u00e9cis et une composition coh\u00e9rente, ce qui les rend id\u00e9ales pour la recherche en laboratoire. Le bromazolam appartient \u00e0 la classe des benzodiaz\u00e9pines et est souvent \u00e9tudi\u00e9 pour ses propri\u00e9t\u00e9s s\u00e9datives et anxiolytiques.<\/span><\/span><\/p>\n<hr \/>\n<h3><strong><span dir=\"auto\" style=\"vertical-align: inherit;\"><span dir=\"auto\" style=\"vertical-align: inherit;\">Utilisations des comprim\u00e9s de bromazolam 2,5 MG<\/span><\/span><\/strong><\/h3>\n<p class=\"ds-markdown-paragraph\"><span dir=\"auto\" style=\"vertical-align: inherit;\"><span dir=\"auto\" style=\"vertical-align: inherit;\">Le bromazolam est utilis\u00e9 \u00e0 des fins de recherche uniquement.\u00a0 <\/span><\/span><strong><span dir=\"auto\" style=\"vertical-align: inherit;\"><span dir=\"auto\" style=\"vertical-align: inherit;\">non destin\u00e9 \u00e0 la consommation humaine<\/span><\/span><\/strong><span dir=\"auto\" style=\"vertical-align: inherit;\"><span dir=\"auto\" style=\"vertical-align: inherit;\"> . Les sc\u00e9narios de recherche possibles sont les suivants :<\/span><\/span><\/p>\n<ul>\n<li>\n<p class=\"ds-markdown-paragraph\"><strong><span dir=\"auto\" style=\"vertical-align: inherit;\"><span dir=\"auto\" style=\"vertical-align: inherit;\">\u00c9tude des effets anxiolytiques<\/span><\/span><\/strong><span dir=\"auto\" style=\"vertical-align: inherit;\"><span dir=\"auto\" style=\"vertical-align: inherit;\"> \u00a0- \u00c9tude de l'effet sur les r\u00e9actions li\u00e9es \u00e0 l'anxi\u00e9t\u00e9.<\/span><\/span><\/p>\n<\/li>\n<li>\n<p class=\"ds-markdown-paragraph\"><strong><span dir=\"auto\" style=\"vertical-align: inherit;\"><span dir=\"auto\" style=\"vertical-align: inherit;\">\u00c9tude du sommeil<\/span><\/span><\/strong><span dir=\"auto\" style=\"vertical-align: inherit;\"><span dir=\"auto\" style=\"vertical-align: inherit;\"> \u00a0- \u00c9valuation des propri\u00e9t\u00e9s s\u00e9datives.<\/span><\/span><\/p>\n<\/li>\n<li>\n<p class=\"ds-markdown-paragraph\"><strong><span dir=\"auto\" style=\"vertical-align: inherit;\"><span dir=\"auto\" style=\"vertical-align: inherit;\">Analyses comparatives<\/span><\/span><\/strong><span dir=\"auto\" style=\"vertical-align: inherit;\"><span dir=\"auto\" style=\"vertical-align: inherit;\"> \u00a0- Comparaison avec d'autres benzodiaz\u00e9pines.<\/span><\/span><\/p>\n<\/li>\n<\/ul>\n<hr \/>\n<h3><strong><span dir=\"auto\" style=\"vertical-align: inherit;\"><span dir=\"auto\" style=\"vertical-align: inherit;\">Inconv\u00e9nients et risques<\/span><\/span><\/strong><\/h3>\n<p class=\"ds-markdown-paragraph\"><span dir=\"auto\" style=\"vertical-align: inherit;\"><span dir=\"auto\" style=\"vertical-align: inherit;\">Bien que le bromazolam puisse \u00eatre utile pour la recherche, il pr\u00e9sente des risques importants :<\/span><\/span><\/p>\n<ul>\n<li>\n<p class=\"ds-markdown-paragraph\"><strong><span dir=\"auto\" style=\"vertical-align: inherit;\"><span dir=\"auto\" style=\"vertical-align: inherit;\">Potentiel de d\u00e9pendance<\/span><\/span><\/strong><span dir=\"auto\" style=\"vertical-align: inherit;\"><span dir=\"auto\" style=\"vertical-align: inherit;\"> \u00a0- L'utilisation \u00e0 long terme peut entra\u00eener une tol\u00e9rance et une d\u00e9pendance.<\/span><\/span><\/p>\n<\/li>\n<li>\n<p class=\"ds-markdown-paragraph\"><strong><span dir=\"auto\" style=\"vertical-align: inherit;\"><span dir=\"auto\" style=\"vertical-align: inherit;\">S\u00e9dation et effets cognitifs<\/span><\/span><\/strong><span dir=\"auto\" style=\"vertical-align: inherit;\"><span dir=\"auto\" style=\"vertical-align: inherit;\"> \u00a0- Les effets s\u00e9datifs puissants peuvent diminuer la vigilance.<\/span><\/span><\/p>\n<\/li>\n<li>\n<p class=\"ds-markdown-paragraph\"><strong><span dir=\"auto\" style=\"vertical-align: inherit;\"><span dir=\"auto\" style=\"vertical-align: inherit;\">Sympt\u00f4mes de sevrage<\/span><\/span><\/strong><span dir=\"auto\" style=\"vertical-align: inherit;\"><span dir=\"auto\" style=\"vertical-align: inherit;\"> \u00a0- Un arr\u00eat brutal peut entra\u00eener une anxi\u00e9t\u00e9 de rebond, des insomnies ou d'autres sympt\u00f4mes de sevrage.<\/span><\/span><\/p>\n<\/li>\n<li>\n<p class=\"ds-markdown-paragraph\"><strong><span dir=\"auto\" style=\"vertical-align: inherit;\"><span dir=\"auto\" style=\"vertical-align: inherit;\">Interactions avec d'autres substances<\/span><\/span><\/strong><span dir=\"auto\" style=\"vertical-align: inherit;\"><span dir=\"auto\" style=\"vertical-align: inherit;\"> \u00a0- Combinaisons dangereuses avec l'alcool, les opio\u00efdes ou d'autres d\u00e9presseurs du SNC.<\/span><\/span><\/p>\n<\/li>\n<\/ul>\n<hr \/>\n<h3><strong><span dir=\"auto\" style=\"vertical-align: inherit;\"><span dir=\"auto\" style=\"vertical-align: inherit;\">M\u00e9thodes d'utilisation recommand\u00e9es (pour la recherche)<\/span><\/span><\/strong><\/h3>\n<ul>\n<li>\n<p class=\"ds-markdown-paragraph\"><strong><span dir=\"auto\" style=\"vertical-align: inherit;\"><span dir=\"auto\" style=\"vertical-align: inherit;\">Dosage :<\/span><\/span><\/strong><span dir=\"auto\" style=\"vertical-align: inherit;\"><span dir=\"auto\" style=\"vertical-align: inherit;\"> \u00a0Commencez par de faibles doses (par exemple, 1 \u00e0 2 granules) pour \u00e9valuer les effets.<\/span><\/span><\/p>\n<\/li>\n<li>\n<p class=\"ds-markdown-paragraph\"><strong><span dir=\"auto\" style=\"vertical-align: inherit;\"><span dir=\"auto\" style=\"vertical-align: inherit;\">Dissolution dans le solvant :<\/span><\/span><\/strong><span dir=\"auto\" style=\"vertical-align: inherit;\"><span dir=\"auto\" style=\"vertical-align: inherit;\"> \u00a0Convient pour la dissolution dans le PG (propyl\u00e8ne glycol) ou l'\u00e9thanol en vue d'une analyse ult\u00e9rieure.<\/span><\/span><\/p>\n<\/li>\n<li>\n<p class=\"ds-markdown-paragraph\"><strong><span dir=\"auto\" style=\"vertical-align: inherit;\"><span dir=\"auto\" style=\"vertical-align: inherit;\">Conditions de laboratoire :<\/span><\/span><\/strong><span dir=\"auto\" style=\"vertical-align: inherit;\"><span dir=\"auto\" style=\"vertical-align: inherit;\"> \u00a0Utiliser dans des conditions contr\u00f4l\u00e9es avec des instruments de pr\u00e9cision.<\/span><\/span><\/p>\n<\/li>\n<\/ul>\n<hr \/>\n<h3><strong><span dir=\"auto\" style=\"vertical-align: inherit;\"><span dir=\"auto\" style=\"vertical-align: inherit;\">Foire aux questions (FAQ)<\/span><\/span><\/strong><\/h3>\n<p class=\"ds-markdown-paragraph\"><strong><span dir=\"auto\" style=\"vertical-align: inherit;\"><span dir=\"auto\" style=\"vertical-align: inherit;\">1. Le Bromazolam est-il l\u00e9gal aux Pays-Bas ?<\/span><\/span><\/strong><\/p>\n<ul>\n<li>\n<p class=\"ds-markdown-paragraph\"><span dir=\"auto\" style=\"vertical-align: inherit;\"><span dir=\"auto\" style=\"vertical-align: inherit;\">Le bromazolam est class\u00e9 dans la cat\u00e9gorie\u00a0 <\/span><\/span><strong><span dir=\"auto\" style=\"vertical-align: inherit;\"><span dir=\"auto\" style=\"vertical-align: inherit;\">Loi sur l'opium<\/span><\/span><\/strong><span dir=\"auto\" style=\"vertical-align: inherit;\"><span dir=\"auto\" style=\"vertical-align: inherit;\"> \u00a0et est ill\u00e9gale pour l'usage humain. Seule la recherche dans des laboratoires contr\u00f4l\u00e9s est autoris\u00e9e.<\/span><\/span><\/p>\n<\/li>\n<\/ul>\n<p class=\"ds-markdown-paragraph\"><strong><span dir=\"auto\" style=\"vertical-align: inherit;\"><span dir=\"auto\" style=\"vertical-align: inherit;\">2. Quelle est la dur\u00e9e des effets ?<\/span><\/span><\/strong><\/p>\n<ul>\n<li>\n<p class=\"ds-markdown-paragraph\"><span dir=\"auto\" style=\"vertical-align: inherit;\"><span dir=\"auto\" style=\"vertical-align: inherit;\">Les effets peuvent durer de 6 \u00e0 12 heures en fonction du dosage et du m\u00e9tabolisme.<\/span><\/span><\/p>\n<\/li>\n<\/ul>\n<p class=\"ds-markdown-paragraph\"><strong><span dir=\"auto\" style=\"vertical-align: inherit;\"><span dir=\"auto\" style=\"vertical-align: inherit;\">3. Le bromazolam peut-il \u00eatre utilis\u00e9 comme m\u00e9dicament ?<\/span><\/span><\/strong><\/p>\n<ul>\n<li>\n<p class=\"ds-markdown-paragraph\"><strong><span dir=\"auto\" style=\"vertical-align: inherit;\"><span dir=\"auto\" style=\"vertical-align: inherit;\">Non<\/span><\/span><\/strong><span dir=\"auto\" style=\"vertical-align: inherit;\"><span dir=\"auto\" style=\"vertical-align: inherit;\"> , Il ne s'agit pas d'un m\u00e9dicament approuv\u00e9 et ne doit pas \u00eatre consomm\u00e9.<\/span><\/span><\/p>\n<\/li>\n<\/ul>\n<p class=\"ds-markdown-paragraph\"><strong><span dir=\"auto\" style=\"vertical-align: inherit;\"><span dir=\"auto\" style=\"vertical-align: inherit;\">4. Comment conserver le bromazolam ?<\/span><\/span><\/strong><\/p>\n<ul>\n<li>\n<p class=\"ds-markdown-paragraph\"><span dir=\"auto\" style=\"vertical-align: inherit;\"><span dir=\"auto\" style=\"vertical-align: inherit;\">Conserver dans un\u00a0 <\/span><\/span><strong><span dir=\"auto\" style=\"vertical-align: inherit;\"><span dir=\"auto\" style=\"vertical-align: inherit;\">environnement frais et sec<\/span><\/span><\/strong><span dir=\"auto\" style=\"vertical-align: inherit;\"><span dir=\"auto\" style=\"vertical-align: inherit;\"> , \u00e0 l'abri de la lumi\u00e8re et de l'humidit\u00e9.<\/span><\/span><\/p>\n<\/li>\n<\/ul>\n<hr \/>\n<h3><strong><span dir=\"auto\" style=\"vertical-align: inherit;\"><span dir=\"auto\" style=\"vertical-align: inherit;\">Rapport de laboratoire et contr\u00f4le de qualit\u00e9 Acheter Bromazolam<\/span><\/span><\/strong><\/h3>\n<p class=\"ds-markdown-paragraph\"><span dir=\"auto\" style=\"vertical-align: inherit;\"><span dir=\"auto\" style=\"vertical-align: inherit;\">Nos pastilles de bromazolam sont soumises \u00e0 des tests de qualit\u00e9 stricts, notamment :<\/span><\/span><\/p>\n<ul>\n<li>\n<p class=\"ds-markdown-paragraph\"><strong><span dir=\"auto\" style=\"vertical-align: inherit;\"><span dir=\"auto\" style=\"vertical-align: inherit;\">Analyse HPLC<\/span><\/span><\/strong><span dir=\"auto\" style=\"vertical-align: inherit;\"><span dir=\"auto\" style=\"vertical-align: inherit;\"> \u00a0(puret\u00e9 \u226598%)<\/span><\/span><\/p>\n<\/li>\n<li>\n<p class=\"ds-markdown-paragraph\"><strong><span dir=\"auto\" style=\"vertical-align: inherit;\"><span dir=\"auto\" style=\"vertical-align: inherit;\">Spectrom\u00e9trie de masse<\/span><\/span><\/strong><span dir=\"auto\" style=\"vertical-align: inherit;\"><span dir=\"auto\" style=\"vertical-align: inherit;\"> \u00a0(confirmation de l'identification)<\/span><\/span><\/p>\n<\/li>\n<li>\n<p class=\"ds-markdown-paragraph\"><strong><span dir=\"auto\" style=\"vertical-align: inherit;\"><span dir=\"auto\" style=\"vertical-align: inherit;\">Pr\u00e9cision de la dose<\/span><\/span><\/strong><span dir=\"auto\" style=\"vertical-align: inherit;\"><span dir=\"auto\" style=\"vertical-align: inherit;\"> \u00a0(2,5 mg \u00b1 0,1 mg par pastille)<\/span><\/span><\/p>\n<\/li>\n<\/ul>\n<hr \/>\n<h3><strong><span dir=\"auto\" style=\"vertical-align: inherit;\"><span dir=\"auto\" style=\"vertical-align: inherit;\">Avertissement important lors de l'achat de Bromazolam<\/span><\/span><\/strong><\/h3>\n<p class=\"ds-markdown-paragraph\"><span dir=\"auto\" style=\"vertical-align: inherit;\"><span dir=\"auto\" style=\"vertical-align: inherit;\">Ce produit est\u00a0 <\/span><\/span><strong><span dir=\"auto\" style=\"vertical-align: inherit;\"><span dir=\"auto\" style=\"vertical-align: inherit;\">\u00e0 des fins de recherche uniquement<\/span><\/span><\/strong><span dir=\"auto\" style=\"vertical-align: inherit;\"><span dir=\"auto\" style=\"vertical-align: inherit;\"> . Il est\u00a0 <\/span><\/span><strong><span dir=\"auto\" style=\"vertical-align: inherit;\"><span dir=\"auto\" style=\"vertical-align: inherit;\">non destin\u00e9 \u00e0 la consommation humaine<\/span><\/span><\/strong><span dir=\"auto\" style=\"vertical-align: inherit;\"><span dir=\"auto\" style=\"vertical-align: inherit;\"> \u00a0et ne doit \u00eatre utilis\u00e9 que par des professionnels qualifi\u00e9s dans un environnement contr\u00f4l\u00e9.<\/span><\/span><\/p>\n<p class=\"ds-markdown-paragraph\"><strong><span dir=\"auto\" style=\"vertical-align: inherit;\"><span dir=\"auto\" style=\"vertical-align: inherit;\">Attention :<\/span><\/span><\/strong><span dir=\"auto\" style=\"vertical-align: inherit;\"><span dir=\"auto\" style=\"vertical-align: inherit;\"> \u00a0Une utilisation irresponsable peut entra\u00eener de graves risques pour la sant\u00e9 ou des cons\u00e9quences juridiques.<\/span><\/span><\/p>\n<hr \/>\n<p class=\"ds-markdown-paragraph\"><strong><span dir=\"auto\" style=\"vertical-align: inherit;\"><span dir=\"auto\" style=\"vertical-align: inherit;\">Des questions ?<\/span><\/span><\/strong><span dir=\"auto\" style=\"vertical-align: inherit;\"><span dir=\"auto\" style=\"vertical-align: inherit;\"> \u00a0Contactez notre \u00e9quipe de soutien scientifique pour plus de d\u00e9tails sur la recherche responsable.<\/span><\/span><\/p>\n<hr \/>\n<p class=\"ds-markdown-paragraph\"><em><span dir=\"auto\" style=\"vertical-align: inherit;\"><span dir=\"auto\" style=\"vertical-align: inherit;\">Ce produit est vendu conform\u00e9ment <\/span><\/span><a href=\"http:\/\/google.nl\" target=\"_blank\" rel=\"noopener\"><span dir=\"auto\" style=\"vertical-align: inherit;\"><span dir=\"auto\" style=\"vertical-align: inherit;\">avec<\/span><\/span><\/a><span dir=\"auto\" style=\"vertical-align: inherit;\"><span dir=\"auto\" style=\"vertical-align: inherit;\"> les lois et r\u00e8glements applicables. En commandant, vous confirmez que vous repr\u00e9sentez un institut ou un laboratoire de recherche reconnu.<\/span><\/span><\/em><\/p>\n<p><a title=\"6-CL-ADBA\" href=\"https:\/\/purematrixchem.com\/shop\/bijna-verboden\/6-cl-adba\/\" target=\"_blank\" rel=\"noopener\"><span dir=\"auto\" style=\"vertical-align: inherit;\"><span dir=\"auto\" style=\"vertical-align: inherit;\">6-CL-ADBA <\/span><\/span><\/a><a title=\"2C-EF 2mg Capsules\" href=\"https:\/\/purematrixchem.com\/shop\/fenethylamine\/2c-ef-2mg-capsules\/\" target=\"_blank\" rel=\"noopener\"><span dir=\"auto\" style=\"vertical-align: inherit;\"><span dir=\"auto\" style=\"vertical-align: inherit;\">2C-EF 2mg Capsules <\/span><\/span><\/a><a title=\"O-DSMT 50mg Pellets\" href=\"https:\/\/purematrixchem.com\/shop\/pellets\/o-dsmt-50mg-pellets\/\" target=\"_blank\" rel=\"noopener\"><span dir=\"auto\" style=\"vertical-align: inherit;\"><span dir=\"auto\" style=\"vertical-align: inherit;\">O-DSMT 50mg Pellets<\/span><\/span><\/a><\/p>\n<p><a href=\"https:\/\/purematrixchem.com\/shop\/top-10-research-chemicals\/caluanie-muelear-oxidize\/\"><span dir=\"auto\" style=\"vertical-align: inherit;\"><span dir=\"auto\" style=\"vertical-align: inherit;\">caluanie muelear oxidize<\/span><\/span><\/a><a href=\"https:\/\/purematrixchem.com\/shop\/iboga-ibogaine\/buy-ibogaine-hcl-online\/\"><span dir=\"auto\" style=\"vertical-align: inherit;\"><span dir=\"auto\" style=\"vertical-align: inherit;\">buy ibogaine hcl online<\/span><\/span><\/a><\/p>","protected":false},"excerpt":{"rendered":"<h3><span data-sheets-value=\"{\" data-sheets-userformat=\"{\"><span dir=\"auto\" style=\"vertical-align: inherit;\"><span dir=\"auto\" style=\"vertical-align: inherit;\">Propri\u00e9t\u00e9s du bromazolam<\/span><\/span><\/span><\/h3>\n<p><strong><span dir=\"auto\" style=\"vertical-align: inherit;\"><span dir=\"auto\" style=\"vertical-align: inherit;\">Synonyme :<\/span><\/span><\/strong><span dir=\"auto\" style=\"vertical-align: inherit;\"><span dir=\"auto\" style=\"vertical-align: inherit;\"> Bromazolam <\/span><\/span><br \/>\n<strong><span dir=\"auto\" style=\"vertical-align: inherit;\"><span dir=\"auto\" style=\"vertical-align: inherit;\">Num\u00e9ro CAS :<\/span><\/span><\/strong><span dir=\"auto\" style=\"vertical-align: inherit;\"><span dir=\"auto\" style=\"vertical-align: inherit;\"> 71368-80-4 <\/span><\/span><br \/>\n<strong><span dir=\"auto\" style=\"vertical-align: inherit;\"><span dir=\"auto\" style=\"vertical-align: inherit;\">Masse molaire :<\/span><\/span><\/strong><span dir=\"auto\" style=\"vertical-align: inherit;\"><span dir=\"auto\" style=\"vertical-align: inherit;\"> 353,223 g mol <\/span><\/span><br \/>\n<strong><span dir=\"auto\" style=\"vertical-align: inherit;\"><span dir=\"auto\" style=\"vertical-align: inherit;\">La puret\u00e9 :<\/span><\/span><\/strong><span dir=\"auto\" style=\"vertical-align: inherit;\"><span dir=\"auto\" style=\"vertical-align: inherit;\"> &gt;99%<\/span><\/span><\/p>","protected":false},"featured_media":29324,"comment_status":"closed","ping_status":"closed","template":"","meta":[],"product_brand":[82],"product_cat":[76,384,443,324,398],"product_tag":[174,183,184,176,175,178,177,326,179],"class_list":{"0":"post-24013","1":"product","2":"type-product","3":"status-publish","4":"has-post-thumbnail","6":"product_brand-research-chemical","7":"product_cat-benzodiazepinen","8":"product_cat-bromazolam","9":"product_cat-bromazolam-pellets","10":"product_cat-pellets-for-pellet","11":"product_cat-verkoop","12":"product_tag-bromazolam","13":"product_tag-bromazolam-bijwerkingen","14":"product_tag-bromazolam-dosing","15":"product_tag-bromazolam-ervaringen","16":"product_tag-bromazolam-kopen","17":"product_tag-bromazolam-na-drugs","18":"product_tag-bromazolam-psychonaut","19":"product_tag-nl","20":"product_tag-wat-is-bromazolam","22":"first","23":"instock","24":"sale","25":"taxable","26":"shipping-taxable","27":"purchasable","28":"product-type-variable"},"_links":{"self":[{"href":"https:\/\/purematrixchem.com\/fr\/wp-json\/wp\/v2\/product\/24013","targetHints":{"allow":["GET"]}}],"collection":[{"href":"https:\/\/purematrixchem.com\/fr\/wp-json\/wp\/v2\/product"}],"about":[{"href":"https:\/\/purematrixchem.com\/fr\/wp-json\/wp\/v2\/types\/product"}],"replies":[{"embeddable":true,"href":"https:\/\/purematrixchem.com\/fr\/wp-json\/wp\/v2\/comments?post=24013"}],"wp:featuredmedia":[{"embeddable":true,"href":"https:\/\/purematrixchem.com\/fr\/wp-json\/wp\/v2\/media\/29324"}],"wp:attachment":[{"href":"https:\/\/purematrixchem.com\/fr\/wp-json\/wp\/v2\/media?parent=24013"}],"wp:term":[{"taxonomy":"product_brand","embeddable":true,"href":"https:\/\/purematrixchem.com\/fr\/wp-json\/wp\/v2\/product_brand?post=24013"},{"taxonomy":"product_cat","embeddable":true,"href":"https:\/\/purematrixchem.com\/fr\/wp-json\/wp\/v2\/product_cat?post=24013"},{"taxonomy":"product_tag","embeddable":true,"href":"https:\/\/purematrixchem.com\/fr\/wp-json\/wp\/v2\/product_tag?post=24013"}],"curies":[{"name":"wp","href":"https:\/\/api.w.org\/{rel}","templated":true}]}}