{"id":23553,"date":"2025-04-13T17:39:57","date_gmt":"2025-04-13T17:39:57","guid":{"rendered":"https:\/\/purematrixchem.com\/?post_type=product&#038;p=23553"},"modified":"2025-12-02T10:37:47","modified_gmt":"2025-12-02T09:37:47","slug":"1b-lsd-l-tartrate-pur","status":"publish","type":"product","link":"https:\/\/purematrixchem.com\/fr\/boutique\/1b-lsd\/1b-lsd-l-tartrate-pur\/","title":{"rendered":"1B-LSD L-tartrate Puur"},"content":{"rendered":"<h1><strong>1B-LSD L-tartraat Puur - Hoogwaardige Lysergamide voor Wetenschappelijk Onderzoek (Lysergamide pour la recherche appliqu\u00e9e)<\/strong><\/h1>\n<p><strong>Productnaam :<\/strong> 1B-LSD L-tartraat<br \/>\n<strong>Chemische Naam :<\/strong> Di\u00e9thylamide de l'acide 1-butanoyl-lysergique L-tartraat<br \/>\n<strong>Formule :<\/strong> C23H29N3O2 - C4H6O6<br \/>\n<strong>Moleculair Gewicht :<\/strong> 495,57 g\/mol<br \/>\n<strong>Vorm :<\/strong> Avec un po\u00eale \u00e0 bois de cristal<br \/>\n<strong>Zuiverheid :<\/strong> \u226599% (HPLC-gecertificeerd)<br \/>\n<strong>Type :<\/strong> Grade de recherche - Niet voor menselijke consumptie<\/p>\n<hr \/>\n<h2><strong>Qu'est-ce que le 1B-LSD L-tartraat ?<\/strong><\/h2>\n<p>Le 1B-LSD (1-Butanoyl-LSD) est un lysergamide semi-synth\u00e9tique qui se distingue chimiquement du LSD et d'autres analogues tels que le 1P-LSD et le 1cP-LSD. L'utilisation d'un groupe de butanoyl r\u00e9sulte en une verbalisation qui s'appuie sur le fait que le LSD et les autres analogues sont des produits de consommation courante. <strong>Le producteur<\/strong>: dans les syst\u00e8mes biologiques, le 1B-LSD a \u00e9t\u00e9 remplac\u00e9 par le LSD.<\/p>\n<p>De <strong>L-tartraatzoutvorm<\/strong> offre une grande stabilit\u00e9, une orientation sans risque et une grande capacit\u00e9 d'analyse.<\/p>\n<hr \/>\n<h2><strong>Les applications du 1B-LSD dans le contexte de la sant\u00e9 publique<\/strong><\/h2>\n<ul>\n<li><strong>Etude sur la pharmacodynamie :<\/strong> \u00c9tude des interactions entre les r\u00e9cepteurs de la s\u00e9rotonine (5-HT2A).<\/li>\n<li><strong>Une \u00e9tude neurologique approfondie :<\/strong> Utilisation du LSD, du 1P-LSD et d'autres analogues.<\/li>\n<li><strong>D\u00e9pistage de la bioactivit\u00e9 in-vitro et in-vivo<\/strong> (m\u00eame dans le cas d'une utilisation normale).<\/li>\n<li><strong>Analyse des m\u00e9dicaments :<\/strong> Le r\u00f4le des voies de migration des lysergamides dans les syst\u00e8mes biologiques.<\/li>\n<\/ul>\n<blockquote><p>\u26a0\ufe0f <strong>Let op :<\/strong> Ce produit est destin\u00e9 \u00e0 \u00eatre utilis\u00e9 dans le cadre d'applications m\u00e9dicales et m\u00e9dico-l\u00e9gales. Il n'est pas destin\u00e9 \u00e0 \u00eatre consomm\u00e9 ou utilis\u00e9 par des personnes ou des animaux.<\/p><\/blockquote>\n<hr \/>\n<h2><strong>Questions pour les demandeurs d'emploi<\/strong><\/h2>\n<p>\u2714 Hoge chemische stabiliteit in L-tartraatzoutvorm<br \/>\n\u2714 Les formes de m\u00e9dicaments ont une incidence sur le m\u00e9tabolisme des lysergamides<br \/>\n\u2714 Consistente zuiverheid van \u226599% (HPLC-bevestigd)<br \/>\n\u2714 Goed oplosbaar in ethanol en andere analytische oplosmiddelen<\/p>\n<hr \/>\n<h2><strong>Les noms de domaine \/ les noms de domaine de l'entreprise<\/strong><\/h2>\n<ul>\n<li>Le statut juridique peut varier selon le pays ou la r\u00e9gion<\/li>\n<li>Les meilleures pratiques en mati\u00e8re de toxicologie<\/li>\n<li>Peut \u00eatre bloqu\u00e9 par la lumi\u00e8re, la chaleur ou l'obscurit\u00e9<\/li>\n<li>La mise en place d'un syst\u00e8me de contr\u00f4le dans les pays en voie de d\u00e9veloppement<\/li>\n<\/ul>\n<hr \/>\n<h2><strong>Les avantages du travail en laboratoire<\/strong><\/h2>\n<table>\n<thead>\n<tr>\n<th>Kenmerk<\/th>\n<th>Sp\u00e9cificit\u00e9<\/th>\n<\/tr>\n<\/thead>\n<tbody>\n<tr>\n<td>Zuiverheid<\/td>\n<td>\u226599% HPLC<\/td>\n<\/tr>\n<tr>\n<td>Smeltpunt<\/td>\n<td>192-196 \u00b0C<\/td>\n<\/tr>\n<tr>\n<td>La protection de l'environnement<\/td>\n<td>Bon dans l'\u00e9thanol et l'ac\u00e9tone<\/td>\n<\/tr>\n<tr>\n<td>Opslagadvies<\/td>\n<td>2-8\u00b0C, donker en droog<\/td>\n<\/tr>\n<tr>\n<td>Code de lot<\/td>\n<td>1BLSD-LT0625<\/td>\n<\/tr>\n<tr>\n<td>Analyzedatum (en anglais)<\/td>\n<td>18 juin 2025<\/td>\n<\/tr>\n<\/tbody>\n<\/table>\n<hr \/>\n<h2><strong>Sc\u00e9narios de travail (Laboratoires)<\/strong><\/h2>\n<table>\n<thead>\n<tr>\n<th>Type de passage<\/th>\n<th>Concentratie<\/th>\n<th>M\u00e9thodes<\/th>\n<th>Doel<\/th>\n<\/tr>\n<\/thead>\n<tbody>\n<tr>\n<td>In vitro<\/td>\n<td>1-10 \u00b5M<\/td>\n<td>Oplossen dans le DMSO<\/td>\n<td>\u00c9tudes sur la fixation des r\u00e9cepteurs<\/td>\n<\/tr>\n<tr>\n<td>In vivo (indirect)<\/td>\n<td>n.v.t.<\/td>\n<td>Une aide \u00e0 l'emploi pour les personnes en situation de handicap<\/td>\n<td>Questions relatives \u00e0 la conversion des m\u00e9dicaments<\/td>\n<\/tr>\n<\/tbody>\n<\/table>\n<hr \/>\n<h2><strong>Questions fr\u00e9quemment pos\u00e9es (FAQ)<\/strong><\/h2>\n<h3>\u2753 Quel est le lien entre le 1B-LSD et le LSD ?<\/h3>\n<p>Le 1B-LSD est consid\u00e9r\u00e9 comme un prom\u00e9dicament du LSD. Dans les syst\u00e8mes biologiques, il peut \u00eatre assimil\u00e9 au LSD, ce qui le rend particuli\u00e8rement int\u00e9ressant pour la recherche sur le m\u00e9tabolisme.<\/p>\n<h3>\u2753 Le 1B-LSD est-il l\u00e9gal aux Pays-Bas ou en Belgique ?<\/h3>\n<p>1B-LSD s'applique uniquement \u00e0 l'image analogique. Contr\u00f4lez toujours la source principale dans votre r\u00e9gion pour l'importation ou la vente.<\/p>\n<h3>\u2753 Waarom L-tartraat in plaats van vrije base ?<\/h3>\n<p>La forme L est chimiquement plus stable, plus facile \u00e0 manipuler et mieux adapt\u00e9e \u00e0 une utilisation \u00e0 long terme.<\/p>\n<h3>\u2753 Peut-on utiliser ce produit pour la consommation humaine ?<\/h3>\n<p>Nee. 1B-LSD L-tartraat is uitsluitend bedoeld voor laboratoriumonderzoek. La consommation est dix fois plus forte.<\/p>\n<hr \/>\n<h2><strong>Samenvatting<\/strong><\/h2>\n<p><strong>1B-LSD L-tartraat<\/strong> offre aux chercheurs un moyen unique d'optimiser l'utilisation de l'analogue de la lysergamide dans une forme saine, stable et sans danger pour la sant\u00e9. Cette m\u00e9thode associe un potentiel pharmacologique \u00e0 des applications conviviales en laboratoire et est, \u00e0 l'heure actuelle, destin\u00e9e \u00e0 des \u00e9tudes exploratoires sur le plan neurochimique et r\u00e9ceptif.<\/p>","protected":false},"excerpt":{"rendered":"<h3><span style=\"vertical-align: inherit;\"><span style=\"vertical-align: inherit;\">1B-LSD L-tartrate propri\u00e9t\u00e9s<\/span><\/span><\/h3>\n<p><strong><span style=\"vertical-align: inherit;\"><span style=\"vertical-align: inherit;\">Synonyme :<\/span><\/span><\/strong><span style=\"vertical-align: inherit;\"><span style=\"vertical-align: inherit;\"> 1-butanoyl-lysergic acid diethylamide hemi-L-tartrate, BLSD <\/span><\/span><br \/>\n<strong><span style=\"vertical-align: inherit;\"><span style=\"vertical-align: inherit;\">Num\u00e9ro CAS :<\/span><\/span><\/strong><span style=\"vertical-align: inherit;\"><span style=\"vertical-align: inherit;\"> 2349376-12-9 <\/span><\/span><br \/>\n<strong><span style=\"vertical-align: inherit;\"><span style=\"vertical-align: inherit;\">Formule :<\/span><\/span><\/strong><span style=\"vertical-align: inherit;\"><span style=\"vertical-align: inherit;\"> (8\u03b2)-1-butanoyl-N,N-di\u00e9thyl-6-m\u00e9thyl-9,10-did\u00e9hydroergoline-8-carboxamide h\u00e9mi-L-tartrate <\/span><\/span><br \/>\n<strong><span style=\"vertical-align: inherit;\"><span style=\"vertical-align: inherit;\">Masse molaire :<\/span><\/span><\/strong><span style=\"vertical-align: inherit;\"><span style=\"vertical-align: inherit;\"> 468,5 g\/mol <\/span><\/span><br \/>\n<strong><span style=\"vertical-align: inherit;\"><span style=\"vertical-align: inherit;\">La puret\u00e9 :<\/span><\/span><\/strong><span style=\"vertical-align: inherit;\"><span style=\"vertical-align: inherit;\"> &gt;97%<\/span><\/span><\/p>","protected":false},"featured_media":29466,"comment_status":"closed","ping_status":"closed","template":"","meta":[],"product_brand":[82],"product_cat":[530,358],"product_tag":[326],"class_list":{"0":"post-23553","1":"product","2":"type-product","3":"status-publish","4":"has-post-thumbnail","6":"product_brand-research-chemical","7":"product_cat-1b-lsd","8":"product_cat-lysergamides","9":"product_tag-nl","11":"first","12":"instock","13":"taxable","14":"shipping-taxable","15":"purchasable","16":"product-type-variable"},"_links":{"self":[{"href":"https:\/\/purematrixchem.com\/fr\/wp-json\/wp\/v2\/product\/23553","targetHints":{"allow":["GET"]}}],"collection":[{"href":"https:\/\/purematrixchem.com\/fr\/wp-json\/wp\/v2\/product"}],"about":[{"href":"https:\/\/purematrixchem.com\/fr\/wp-json\/wp\/v2\/types\/product"}],"replies":[{"embeddable":true,"href":"https:\/\/purematrixchem.com\/fr\/wp-json\/wp\/v2\/comments?post=23553"}],"wp:featuredmedia":[{"embeddable":true,"href":"https:\/\/purematrixchem.com\/fr\/wp-json\/wp\/v2\/media\/29466"}],"wp:attachment":[{"href":"https:\/\/purematrixchem.com\/fr\/wp-json\/wp\/v2\/media?parent=23553"}],"wp:term":[{"taxonomy":"product_brand","embeddable":true,"href":"https:\/\/purematrixchem.com\/fr\/wp-json\/wp\/v2\/product_brand?post=23553"},{"taxonomy":"product_cat","embeddable":true,"href":"https:\/\/purematrixchem.com\/fr\/wp-json\/wp\/v2\/product_cat?post=23553"},{"taxonomy":"product_tag","embeddable":true,"href":"https:\/\/purematrixchem.com\/fr\/wp-json\/wp\/v2\/product_tag?post=23553"}],"curies":[{"name":"wp","href":"https:\/\/api.w.org\/{rel}","templated":true}]}}