{"id":26132,"date":"2025-05-01T01:31:17","date_gmt":"2025-05-01T01:31:17","guid":{"rendered":"https:\/\/purematrixchem.com\/?post_type=product&#038;p=26132"},"modified":"2025-12-07T16:31:18","modified_gmt":"2025-12-07T15:31:18","slug":"comprar-ibogaina-hcl-en-linea","status":"publish","type":"product","link":"https:\/\/purematrixchem.com\/es\/comercio\/iboga-ibogaina\/comprar-ibogaina-hcl-en-linea\/","title":{"rendered":"Comprar Iboga\u00edna HCL"},"content":{"rendered":"<h2>Comprar Iboga\u00edna HCL<\/h2>\n<div class=\"sm-table-layout__cell sm-table-layout__cell_align_left sm-table-layout__cell_fixed-cell_phrase\" role=\"cell\" data-testid=\"table-cell-keyword\">\n<div class=\"sm-cell-phrase\"><span class=\"___SText_anxqe-kmt_\" data-ui-name=\"Link.Text\">comprar iboga\u00edna hcl online, <\/span>Comprar Ibogaine HCL, Ibogaine es la sustancia qu\u00edmica activa que se encuentra en la ra\u00edz africana Tabernanthe iboga que elimina los signos f\u00edsicos de abstinencia e interrumpe el comportamiento de ansia de drogas de una vez por todas. Se ha demostrado que la iboga\u00edna HCL es la planta herb\u00e1cea m\u00e1s influyente para curar las adicciones. Cuando se aplica correctamente, los resultados son 100% eficaces. Ofrecemos Iboga pre-envasado en c\u00e1psulas, lo que ayuda con la dosis y la facilidad de consumo.<\/div>\n<\/div>\n<p>Extra\u00eddo de la corteza de la ra\u00edz de Tabernanthe Iboga. En la segunda capa de la corteza de la iboga se encuentran aproximadamente 12 alcaloides diferentes. Los tres alcaloides m\u00e1s destacados que se extraen incluyen la iboga\u00edna, la ibogamina y tambi\u00e9n la ibogalina. Como compuesto qu\u00edmico de la iboga\u00edna, la iboga\u00edna HCL se utiliza en el tratamiento de la adicci\u00f3n. La iboga\u00edna HCL es un compuesto natural que se extrae del arbusto Tabernanthe iboga, originario de \u00c1frica. Se utiliza para eliminar toxinas (como opi\u00e1ceos y otras drogas) del cuerpo y ayudar a reducir dr\u00e1sticamente los molestos s\u00edntomas asociados con la abstinencia f\u00edsica del abuso de sustancias.<\/p>\n<p>La iboga\u00edna HCL es el tercer grado de iboga\u00edna y se utiliza m\u00e1s a menudo como terapia contra la adicci\u00f3n. Pasa por un proceso de purificaci\u00f3n distinto utilizando HCL que elimina varias impurezas y otras sustancias. Adem\u00e1s, la iboga\u00edna HCL contiene aproximadamente un 85-99 por ciento de iboga\u00edna pura.<\/p>\n<h2>Venta de iboga\u00edna HCL<\/h2>\n<p>Por lo general, la iboga\u00edna HCL se utiliza en un entorno m\u00e9dico bajo la supervisi\u00f3n de m\u00e9dicos y enfermeras certificados y formados profesionalmente. Es beneficioso para ayudar a una persona que lucha contra el abuso de sustancias a controlar los s\u00edntomas de la abstinencia de drogas o alcohol. La iboga\u00edna HCL se utiliza para tratar los s\u00edntomas de la abstinencia de drogas actuando en sinergia con las neuronas y los receptores espec\u00edficos que se encuentran en el cerebro y el sistema nervioso central.<\/p>\n<p>Cuando una persona se somete al s\u00edndrome de abstinencia con Iboga\u00edna HCL, seguir\u00e1 habiendo s\u00edntomas de abstinencia. Sin embargo, normalmente se sienten a una fracci\u00f3n de lo que se experimenta sin tratamiento. Los efectos del tratamiento con Iboga\u00edna HCL pueden durar entre 15 y 36 horas, dependiendo de las caracter\u00edsticas \u00fanicas del paciente.<a href=\"https:\/\/purematrixchem.com\/shop\/cathinonen\/2-cmc-kopen\/\">2-CMC 250mg gr\u00e1nulos<\/a><a href=\"https:\/\/purematrixchem.com\/shop\/bijna-verboden\/6-cl-adba\/\">6-CL-ADBA<\/a><a href=\"https:\/\/purematrixchem.com\/shop\/lysergamides\/1v-lsd-150-mcg-blotters\/\">1V-LSD 150 MCG Papel secante<\/a><a href=\"https:\/\/purematrixchem.com\/shop\/pellets\/o-dsmt-50mg-pellets\/\">O-DSMT 50mg Pellets<\/a><a href=\"https:\/\/purematrixchem.com\/shop\/lysergamides\/1cp-lsd-150-mcg\/\">1cP-LSD 150 MCG Art Blotters<\/a><\/p>","protected":false},"excerpt":{"rendered":"<p>Buy Ibogaine HCL buy ibogaine hcl online, Buy Ibogaine HCL, Ibogaine is the active chemical found in the African Tabernanthe iboga root that clears physical withdrawal signs and interrupts drug craving behaviour once and for all. Ibogaine HCL has been proven to be the most influential herbal plant to cure addictions. When correctly applied, the [&hellip;]<\/p>\n","protected":false},"featured_media":29152,"comment_status":"closed","ping_status":"closed","template":"","meta":[],"product_brand":[82],"product_cat":[908],"product_tag":[913],"class_list":{"0":"post-26132","1":"product","2":"type-product","3":"status-publish","4":"has-post-thumbnail","6":"product_brand-research-chemical","7":"product_cat-iboga-ibogaine","8":"product_tag-buy-ibogaine-hcl-online","10":"first","11":"instock","12":"taxable","13":"shipping-taxable","14":"purchasable","15":"product-type-variable"},"_links":{"self":[{"href":"https:\/\/purematrixchem.com\/es\/wp-json\/wp\/v2\/product\/26132","targetHints":{"allow":["GET"]}}],"collection":[{"href":"https:\/\/purematrixchem.com\/es\/wp-json\/wp\/v2\/product"}],"about":[{"href":"https:\/\/purematrixchem.com\/es\/wp-json\/wp\/v2\/types\/product"}],"replies":[{"embeddable":true,"href":"https:\/\/purematrixchem.com\/es\/wp-json\/wp\/v2\/comments?post=26132"}],"wp:featuredmedia":[{"embeddable":true,"href":"https:\/\/purematrixchem.com\/es\/wp-json\/wp\/v2\/media\/29152"}],"wp:attachment":[{"href":"https:\/\/purematrixchem.com\/es\/wp-json\/wp\/v2\/media?parent=26132"}],"wp:term":[{"taxonomy":"product_brand","embeddable":true,"href":"https:\/\/purematrixchem.com\/es\/wp-json\/wp\/v2\/product_brand?post=26132"},{"taxonomy":"product_cat","embeddable":true,"href":"https:\/\/purematrixchem.com\/es\/wp-json\/wp\/v2\/product_cat?post=26132"},{"taxonomy":"product_tag","embeddable":true,"href":"https:\/\/purematrixchem.com\/es\/wp-json\/wp\/v2\/product_tag?post=26132"}],"curies":[{"name":"wp","href":"https:\/\/api.w.org\/{rel}","templated":true}]}}