{"id":29770,"date":"2025-12-06T13:37:24","date_gmt":"2025-12-06T12:37:24","guid":{"rendered":"https:\/\/purematrixchem.com\/?page_id=29770"},"modified":"2025-12-06T13:37:25","modified_gmt":"2025-12-06T12:37:25","slug":"formas-de-pago","status":"publish","type":"page","link":"https:\/\/purematrixchem.com\/es\/formas-de-pago\/","title":{"rendered":"FORMAS DE PAGO"},"content":{"rendered":"<p>Actualmente aceptamos los siguientes m\u00e9todos de pago:<\/p>\n\n\n\n<h3 class=\"wp-block-heading\">\u2714 Transferencia bancaria (m\u00e9todo principal)<\/h3>\n\n\n\n<p>Seguridad, trazabilidad y conformidad para pedidos de productos qu\u00edmicos.<\/p>\n\n\n\n<h3 class=\"wp-block-heading\">\u2714 Pagos de facturas de empresas<\/h3>\n\n\n\n<p>Para socios e instituciones autorizados.<\/p>\n\n\n\n<h3 class=\"wp-block-heading\">\u2714 <strong> Pagos con criptomonedas<\/strong><\/h3>\n\n\n\n<p>Pague con criptomoneda para una transacci\u00f3n r\u00e1pida y segura.<\/p>\n\n\n\n<ul class=\"wp-block-list\"><\/ul>\n\n\n\n<h3 class=\"wp-block-heading\">\u2714 Pago en l\u00ednea (si est\u00e1 activado)<\/h3>\n\n\n\n<p>Tarjetas de cr\u00e9dito\/d\u00e9bito procesadas a trav\u00e9s de una pasarela segura.<\/p>\n\n\n\n<hr class=\"wp-block-separator has-alpha-channel-opacity\"\/>\n\n\n\n<h1 class=\"wp-block-heading\">\u274c M\u00e9todos no aceptados<\/h1>\n\n\n\n<ul class=\"wp-block-list\">\n<li>Efectivo<\/li>\n\n\n\n<li>Cheques<\/li>\n\n\n\n<li>Procesadores de terceros desconocidos<\/li>\n<\/ul>\n\n\n\n<p>El pago debe estar liquidado antes de enviar los pedidos.<\/p>\n\n\n\n<p>En PureMatrix Chemicals, nos esforzamos para que su experiencia de pago sea lo m\u00e1s fluida y segura posible. Si tiene alguna pregunta sobre los m\u00e9todos de pago disponibles o necesita ayuda para completar su pedido, no dude en ponerse en contacto con nosotros. Estamos dispuestos a ayudarle y nos aseguraremos de que su pedido se entregue de forma r\u00e1pida y discreta.<\/p>\n\n\n\n<p>P<strong>NOTA DE ALQUILER: Si su pago se ha realizado correctamente, se le notificar\u00e1 autom\u00e1ticamente. Lo procesamos manualmente y comprobamos nuestra cuenta bancaria varias veces al d\u00eda.<\/strong><br>Atenci\u00f3n Cuando su pago se haya realizado correctamente, recibir\u00e1 un mensaje de confirmaci\u00f3n. Procesamos los pagos manualmente y comprobamos nuestra cuenta bancaria varias veces al d\u00eda para asegurarnos de que todo es correcto.<\/p>\n\n\n\n<p><\/p>","protected":false},"excerpt":{"rendered":"<p>We currently accept the following payment methods: \u2714 Bank Transfer (Primary Method) Secure, traceable, and compliant for chemical orders. \u2714 Business Invoice Payments For approved partners and institutions. \u2714 Payments with Crypto Pay with cryptocurrency for a fast and secure transaction. \u2714 Online Payment (If enabled) Credit\/debit cards processed through a secure gateway. \u274c Methods [&hellip;]<\/p>\n","protected":false},"author":1,"featured_media":0,"parent":0,"menu_order":0,"comment_status":"closed","ping_status":"closed","template":"","meta":{"footnotes":""},"class_list":["post-29770","page","type-page","status-publish","hentry"],"blocksy_meta":[],"_links":{"self":[{"href":"https:\/\/purematrixchem.com\/es\/wp-json\/wp\/v2\/pages\/29770","targetHints":{"allow":["GET"]}}],"collection":[{"href":"https:\/\/purematrixchem.com\/es\/wp-json\/wp\/v2\/pages"}],"about":[{"href":"https:\/\/purematrixchem.com\/es\/wp-json\/wp\/v2\/types\/page"}],"author":[{"embeddable":true,"href":"https:\/\/purematrixchem.com\/es\/wp-json\/wp\/v2\/users\/1"}],"replies":[{"embeddable":true,"href":"https:\/\/purematrixchem.com\/es\/wp-json\/wp\/v2\/comments?post=29770"}],"version-history":[{"count":0,"href":"https:\/\/purematrixchem.com\/es\/wp-json\/wp\/v2\/pages\/29770\/revisions"}],"wp:attachment":[{"href":"https:\/\/purematrixchem.com\/es\/wp-json\/wp\/v2\/media?parent=29770"}],"curies":[{"name":"wp","href":"https:\/\/api.w.org\/{rel}","templated":true}]}}