{"id":23975,"date":"2025-04-13T17:40:48","date_gmt":"2025-04-13T17:40:48","guid":{"rendered":"https:\/\/purematrixchem.com\/?post_type=product&#038;p=23975"},"modified":"2026-01-14T10:03:45","modified_gmt":"2026-01-14T09:03:45","slug":"2-mmc-pellets","status":"publish","type":"product","link":"https:\/\/purematrixchem.com\/de\/geschaft\/kaufen-sie-2-mmc\/2-mmc-pellets\/","title":{"rendered":"2-MMC 220mg Pellets"},"content":{"rendered":"<h2><strong>2-MMC <\/strong><strong>Pellets, <\/strong><strong>220mg Pellets<\/strong><\/h2>\n<p>Diese Pellets enthalten 220 MG 2-MMC pro Stuk.<\/p>\n<p>2-MMC-Pellets ist ein Stoff, den wir nur f\u00fcr die Forschung verkopen und der daher nicht f\u00fcr den Verbrauch bestimmt ist. 2-MMC kann bis zu 2 Jahre lang erforscht werden, wenn dies in der Praxis bew\u00e4hrt ist.<a title=\"MEAI\" href=\"https:\/\/purematrixchem.com\/shop\/overig\/meai\/\" target=\"_blank\" rel=\"noopener\">MEAI<\/a><\/p>\n<p>Auch wenn 2-MMC nur f\u00fcr den Eigenbedarf und nicht f\u00fcr den Verbrauch gedacht ist, ist es wichtig, dass 2-MMC auch f\u00fcr Kinder und Haushalte geeignet ist.<a title=\"6-CL-ADBA\" href=\"https:\/\/purematrixchem.com\/shop\/bijna-verboden\/6-cl-adba\/\" target=\"_blank\" rel=\"noopener\">6-CL-ADBA<\/a><\/p>\n<p>Wir bieten Ihnen hochwertige Forschungschemikalien zu einem g\u00fcnstigen Preis. Ihre Bestellung wird jeden Tag innerhalb von 24 Stunden verschickt. Bestel daher 2-MMC veilig en snel.<a title=\"2C-EF 2mg Kapseln\" href=\"https:\/\/purematrixchem.com\/shop\/fenethylamine\/2c-ef-2mg-capsules\/\" target=\"_blank\" rel=\"noopener\">2C-EF 2mg Kapseln<\/a><\/p>\n<h2>2-MMC-Eigenschappen<\/h2>\n<p><strong>CAS-Nummer<\/strong>: 1246911-71-6<br \/>\n<strong>Formular<\/strong>: C11h15NO - HCL<br \/>\n<strong>Molmassa<\/strong>: 177.247<br \/>\n<strong>Zuiverheid<\/strong>\u226599%<\/p>\n<h3>Gevarenaanduiding<\/h3>\n<p>2-MMC kann luchtweg irritaties veroorzaken<br \/>\n2-MMC kann zu Irritationen in den Augen f\u00fchren.<br \/>\nResearch chemicals lozen in het milieu is verboden.<a title=\"6-CL-ADBA\" href=\"https:\/\/purematrixchem.com\/shop\/bijna-verboden\/6-cl-adba\/\" target=\"_blank\" rel=\"noopener\">6-CL-ADBA<\/a><\/p>\n<p>2-MMC IN CONTACT MET DE OGEN: spoel de ogen voorzichtig af met water gedurende vijf minuten. Verwijder de contactlenzen indien mogelijk.<\/p>\n<p>2-MMC IN CONTACT MET DE HUID: was de huid met water en zeep.<\/p>\n<p>NA INADEMING VAN 2-MMC: breng het slachtoffer <a href=\"http:\/\/google.nl\" target=\"_blank\" rel=\"noopener\">in<\/a> de frisse buitenlucht en laat het slachtoffer in een houding staan die het ademen makkelijk maakt.<\/p>","protected":false},"excerpt":{"rendered":"<h2>2-MMC-Eigenschappen<\/h2>\n<p><strong>CAS-Nummer<\/strong>: 1246911-71-6<br \/>\n<strong>Formular<\/strong>: C11h15NO - HCL<br \/>\n<strong>Molmassa<\/strong>: 177.247<br \/>\n<strong>Zuiverheid<\/strong>\u226599%<\/p>","protected":false},"featured_media":29328,"comment_status":"closed","ping_status":"closed","template":"","meta":[],"product_brand":[82],"product_cat":[372,463,322,79,324],"product_tag":[83,679,652,678,326],"class_list":{"0":"post-23975","1":"product","2":"type-product","3":"status-publish","4":"has-post-thumbnail","6":"product_brand-research-chemical","7":"product_cat-2-mmc-kopen","8":"product_cat-2-mmc-pellets","9":"product_cat-bijna-verboden","10":"product_cat-cathinonen","11":"product_cat-pellets-for-pellet","12":"product_tag-2-mmc-kopen","13":"product_tag-2-mmc-pellets","14":"product_tag-2-mmc-pellets-kopen","15":"product_tag-2mmc-pellets","16":"product_tag-nl","18":"first","19":"instock","20":"taxable","21":"shipping-taxable","22":"purchasable","23":"product-type-variable"},"_links":{"self":[{"href":"https:\/\/purematrixchem.com\/de\/wp-json\/wp\/v2\/product\/23975","targetHints":{"allow":["GET"]}}],"collection":[{"href":"https:\/\/purematrixchem.com\/de\/wp-json\/wp\/v2\/product"}],"about":[{"href":"https:\/\/purematrixchem.com\/de\/wp-json\/wp\/v2\/types\/product"}],"replies":[{"embeddable":true,"href":"https:\/\/purematrixchem.com\/de\/wp-json\/wp\/v2\/comments?post=23975"}],"wp:featuredmedia":[{"embeddable":true,"href":"https:\/\/purematrixchem.com\/de\/wp-json\/wp\/v2\/media\/29328"}],"wp:attachment":[{"href":"https:\/\/purematrixchem.com\/de\/wp-json\/wp\/v2\/media?parent=23975"}],"wp:term":[{"taxonomy":"product_brand","embeddable":true,"href":"https:\/\/purematrixchem.com\/de\/wp-json\/wp\/v2\/product_brand?post=23975"},{"taxonomy":"product_cat","embeddable":true,"href":"https:\/\/purematrixchem.com\/de\/wp-json\/wp\/v2\/product_cat?post=23975"},{"taxonomy":"product_tag","embeddable":true,"href":"https:\/\/purematrixchem.com\/de\/wp-json\/wp\/v2\/product_tag?post=23975"}],"curies":[{"name":"wp","href":"https:\/\/api.w.org\/{rel}","templated":true}]}}